{"id":4471,"date":"2024-04-08T16:32:05","date_gmt":"2024-04-08T08:32:05","guid":{"rendered":"https:\/\/www.sinoglass.com\/?post_type=product&#038;p=4471"},"modified":"2024-04-08T16:37:38","modified_gmt":"2024-04-08T08:37:38","slug":"spice-rack-and-jars","status":"publish","type":"product","link":"https:\/\/www.sinoglass.com\/nl\/product\/spice-rack-and-jars\/","title":{"rendered":"Spice Rack en potten #78752004"},"content":{"rendered":"<p>Een eenvoudige twist, drie keuzes. Basic en klassiek, onze EASY SPRINKLE kruidenfles heeft een effici\u00ebnte vorm en een frillvrije werking. Het optionele kruidenrek met 12 flessen houdt al uw favorieten op \u00e9\u00e9n handige plek.<\/p>","protected":false},"excerpt":{"rendered":"<ul>\n<li>Draai de transparante koude grijze top om uit drie openingen te kiezen.<\/li>\n<li>Vierkante vorm voor een compacte ruimte.<\/li>\n<li>Optionele kruidenrek voor gemakkelijke toegang.<\/li>\n<\/ul>","protected":false},"featured_media":4476,"comment_status":"open","ping_status":"closed","template":"","meta":{"_acf_changed":false},"product_brand":[],"product_cat":[70,213],"product_tag":[],"class_list":{"0":"post-4471","1":"product","2":"type-product","3":"status-publish","4":"has-post-thumbnail","6":"product_cat-spice-racks","7":"product_cat-spice-rack-jars","9":"first","10":"instock","11":"shipping-taxable","12":"purchasable","13":"product-type-variable"},"acf":[],"_links":{"self":[{"href":"https:\/\/www.sinoglass.com\/nl\/wp-json\/wp\/v2\/product\/4471","targetHints":{"allow":["GET"]}}],"collection":[{"href":"https:\/\/www.sinoglass.com\/nl\/wp-json\/wp\/v2\/product"}],"about":[{"href":"https:\/\/www.sinoglass.com\/nl\/wp-json\/wp\/v2\/types\/product"}],"replies":[{"embeddable":true,"href":"https:\/\/www.sinoglass.com\/nl\/wp-json\/wp\/v2\/comments?post=4471"}],"wp:featuredmedia":[{"embeddable":true,"href":"https:\/\/www.sinoglass.com\/nl\/wp-json\/wp\/v2\/media\/4476"}],"wp:attachment":[{"href":"https:\/\/www.sinoglass.com\/nl\/wp-json\/wp\/v2\/media?parent=4471"}],"wp:term":[{"taxonomy":"product_brand","embeddable":true,"href":"https:\/\/www.sinoglass.com\/nl\/wp-json\/wp\/v2\/product_brand?post=4471"},{"taxonomy":"product_cat","embeddable":true,"href":"https:\/\/www.sinoglass.com\/nl\/wp-json\/wp\/v2\/product_cat?post=4471"},{"taxonomy":"product_tag","embeddable":true,"href":"https:\/\/www.sinoglass.com\/nl\/wp-json\/wp\/v2\/product_tag?post=4471"}],"curies":[{"name":"WP","href":"https:\/\/api.w.org\/{rel}","templated":true}]}}