{"id":4125,"date":"2024-04-02T17:26:34","date_gmt":"2024-04-02T09:26:34","guid":{"rendered":"https:\/\/www.sinoglass.com\/?post_type=product&#038;p=4125"},"modified":"2024-04-02T17:51:54","modified_gmt":"2024-04-02T09:51:54","slug":"glass-sugar-jar","status":"publish","type":"product","link":"https:\/\/www.sinoglass.com\/nl\/product\/glass-sugar-jar\/","title":{"rendered":"Glazen suikerpot met deksel #68262001"},"content":{"rendered":"<pre>Gebruik geen lepel, gebruik de POUR-&amp;  - Ga. Elk giet uit de comfortabel gevormde pot geeft je een theelepel suiker waar je het nodig hebt. Kies de kleur die bij je smaak past.<\/pre>","protected":false},"excerpt":{"rendered":"<ul>\n<li>E\u00e9n giet, \u00e9\u00e9n gemeten hoeveelheid.<\/li>\n<li>Comfortabele vorm in hygi\u00ebnisch glas.<\/li>\n<li>Keuze van dekselkleuren.<\/li>\n<\/ul>","protected":false},"featured_media":4128,"comment_status":"open","ping_status":"closed","template":"","meta":{"_acf_changed":false},"product_brand":[],"product_cat":[70,111],"product_tag":[],"class_list":{"0":"post-4125","1":"product","2":"type-product","3":"status-publish","4":"has-post-thumbnail","6":"product_cat-spice-racks","7":"product_cat-sugar-jars","9":"first","10":"instock","11":"shipping-taxable","12":"purchasable","13":"product-type-variable"},"acf":[],"_links":{"self":[{"href":"https:\/\/www.sinoglass.com\/nl\/wp-json\/wp\/v2\/product\/4125","targetHints":{"allow":["GET"]}}],"collection":[{"href":"https:\/\/www.sinoglass.com\/nl\/wp-json\/wp\/v2\/product"}],"about":[{"href":"https:\/\/www.sinoglass.com\/nl\/wp-json\/wp\/v2\/types\/product"}],"replies":[{"embeddable":true,"href":"https:\/\/www.sinoglass.com\/nl\/wp-json\/wp\/v2\/comments?post=4125"}],"wp:featuredmedia":[{"embeddable":true,"href":"https:\/\/www.sinoglass.com\/nl\/wp-json\/wp\/v2\/media\/4128"}],"wp:attachment":[{"href":"https:\/\/www.sinoglass.com\/nl\/wp-json\/wp\/v2\/media?parent=4125"}],"wp:term":[{"taxonomy":"product_brand","embeddable":true,"href":"https:\/\/www.sinoglass.com\/nl\/wp-json\/wp\/v2\/product_brand?post=4125"},{"taxonomy":"product_cat","embeddable":true,"href":"https:\/\/www.sinoglass.com\/nl\/wp-json\/wp\/v2\/product_cat?post=4125"},{"taxonomy":"product_tag","embeddable":true,"href":"https:\/\/www.sinoglass.com\/nl\/wp-json\/wp\/v2\/product_tag?post=4125"}],"curies":[{"name":"WP","href":"https:\/\/api.w.org\/{rel}","templated":true}]}}