{"id":4010,"date":"2024-03-29T13:19:23","date_gmt":"2024-03-29T05:19:23","guid":{"rendered":"https:\/\/www.sinoglass.com\/?post_type=product&#038;p=4010"},"modified":"2024-03-29T13:23:53","modified_gmt":"2024-03-29T05:23:53","slug":"square-spice-jar","status":"publish","type":"product","link":"https:\/\/www.sinoglass.com\/nl\/product\/square-spice-jar\/","title":{"rendered":"Vierkante kruiden pot shaker deksel #7899200001"},"content":{"rendered":"<p>De TUXEDO is onze nieuwe kruidenpot met \u00e9\u00e9n vinger. Het eenvoudige open- en sluitmechanisme met \u00e9\u00e9n druk is stevig en stijlvol.<\/p>","protected":false},"excerpt":{"rendered":"<ul>\n<li>Eenvoudige bediening met \u00e9\u00e9n duim.<\/li>\n<li>Het deksel sluit dicht wanneer gesloten.<\/li>\n<li>Unieke rubberen \"veer\" werking.<\/li>\n<li>Twee soorten metalen rek met 6 potten of draaibak met 8 potten.<\/li>\n<\/ul>","protected":false},"featured_media":3881,"comment_status":"open","ping_status":"closed","template":"","meta":{"_acf_changed":false},"product_brand":[],"product_cat":[108,70],"product_tag":[],"class_list":{"0":"post-4010","1":"product","2":"type-product","3":"status-publish","4":"has-post-thumbnail","6":"product_cat-spice-jars","7":"product_cat-spice-racks","9":"first","10":"instock","11":"shipping-taxable","12":"purchasable","13":"product-type-variable"},"acf":[],"_links":{"self":[{"href":"https:\/\/www.sinoglass.com\/nl\/wp-json\/wp\/v2\/product\/4010","targetHints":{"allow":["GET"]}}],"collection":[{"href":"https:\/\/www.sinoglass.com\/nl\/wp-json\/wp\/v2\/product"}],"about":[{"href":"https:\/\/www.sinoglass.com\/nl\/wp-json\/wp\/v2\/types\/product"}],"replies":[{"embeddable":true,"href":"https:\/\/www.sinoglass.com\/nl\/wp-json\/wp\/v2\/comments?post=4010"}],"wp:featuredmedia":[{"embeddable":true,"href":"https:\/\/www.sinoglass.com\/nl\/wp-json\/wp\/v2\/media\/3881"}],"wp:attachment":[{"href":"https:\/\/www.sinoglass.com\/nl\/wp-json\/wp\/v2\/media?parent=4010"}],"wp:term":[{"taxonomy":"product_brand","embeddable":true,"href":"https:\/\/www.sinoglass.com\/nl\/wp-json\/wp\/v2\/product_brand?post=4010"},{"taxonomy":"product_cat","embeddable":true,"href":"https:\/\/www.sinoglass.com\/nl\/wp-json\/wp\/v2\/product_cat?post=4010"},{"taxonomy":"product_tag","embeddable":true,"href":"https:\/\/www.sinoglass.com\/nl\/wp-json\/wp\/v2\/product_tag?post=4010"}],"curies":[{"name":"WP","href":"https:\/\/api.w.org\/{rel}","templated":true}]}}