{"id":9657,"date":"2026-02-10T14:16:51","date_gmt":"2026-02-10T06:16:51","guid":{"rendered":"https:\/\/www.sinoglass.com\/?post_type=product&#038;p=9657"},"modified":"2026-04-16T15:32:49","modified_gmt":"2026-04-16T07:32:49","slug":"gym-water-bottle-with-handle","status":"publish","type":"product","link":"https:\/\/www.sinoglass.com\/fr\/product\/gym-water-bottle-with-handle\/","title":{"rendered":"Bouteille d'eau GYM avec poign\u00e9e et couvercle #66308001"},"content":{"rendered":"<p>Lorsque l\u2019activit\u00e9 est \u00e9lev\u00e9e, il est important de suivre votre hydratation. Le CLEARLOK MEASURED SPORT liste le volume sur la bouteille, vous disant instantan\u00e9ment combien vous&#8217; vous avez consomm\u00e9. Faites glisser l'onglet pour d\u00e9bloquer, appuyez sur le bouton pour ouvrir le couvercle CLEARLOK et buvez ce dont votre corps a besoin. Faites glisser la serrure pour la tranquillit\u00e9 d'esprit et tenez-la \u00e0 c\u00f4t\u00e9 avec la poign\u00e9e pliable. Avec le sport mesur\u00e9 vous&#8217; Vous saurez toujours o\u00f9 vous \u00eates et comment vous am\u00e9liorer.<\/p>","protected":false},"excerpt":{"rendered":"<ul style=\"list-style-type: disc;\">\n<li>Nouveau design bouteille de sport PCTG.<\/li>\n<li>Couverture \u00e0 bouton.<\/li>\n<li>Mesures de volume sur la bouteille.<\/li>\n<\/ul>","protected":false},"featured_media":9662,"comment_status":"open","ping_status":"closed","template":"","meta":{"_acf_changed":false},"product_brand":[],"product_cat":[74,92],"product_tag":[],"class_list":{"0":"post-9657","1":"product","2":"type-product","3":"status-publish","4":"has-post-thumbnail","6":"product_cat-tritan-plastic-bottle","7":"product_cat-water-bottles","9":"first","10":"instock","11":"shipping-taxable","12":"purchasable","13":"product-type-variable"},"acf":[],"_links":{"self":[{"href":"https:\/\/www.sinoglass.com\/fr\/wp-json\/wp\/v2\/product\/9657","targetHints":{"allow":["GET"]}}],"collection":[{"href":"https:\/\/www.sinoglass.com\/fr\/wp-json\/wp\/v2\/product"}],"about":[{"href":"https:\/\/www.sinoglass.com\/fr\/wp-json\/wp\/v2\/types\/product"}],"replies":[{"embeddable":true,"href":"https:\/\/www.sinoglass.com\/fr\/wp-json\/wp\/v2\/comments?post=9657"}],"wp:featuredmedia":[{"embeddable":true,"href":"https:\/\/www.sinoglass.com\/fr\/wp-json\/wp\/v2\/media\/9662"}],"wp:attachment":[{"href":"https:\/\/www.sinoglass.com\/fr\/wp-json\/wp\/v2\/media?parent=9657"}],"wp:term":[{"taxonomy":"product_brand","embeddable":true,"href":"https:\/\/www.sinoglass.com\/fr\/wp-json\/wp\/v2\/product_brand?post=9657"},{"taxonomy":"product_cat","embeddable":true,"href":"https:\/\/www.sinoglass.com\/fr\/wp-json\/wp\/v2\/product_cat?post=9657"},{"taxonomy":"product_tag","embeddable":true,"href":"https:\/\/www.sinoglass.com\/fr\/wp-json\/wp\/v2\/product_tag?post=9657"}],"curies":[{"name":"WP","href":"https:\/\/api.w.org\/{rel}","templated":true}]}}