{"id":9595,"date":"2026-02-03T10:38:35","date_gmt":"2026-02-03T02:38:35","guid":{"rendered":"https:\/\/www.sinoglass.com\/?post_type=product&#038;p=9595"},"modified":"2026-02-03T10:53:38","modified_gmt":"2026-02-03T02:53:38","slug":"eco-friendly-glass-water-bottle","status":"publish","type":"product","link":"https:\/\/www.sinoglass.com\/fr\/product\/eco-friendly-glass-water-bottle\/","title":{"rendered":"Bouteille d'eau en verre \u00e9cologique &#8211; Couverture en bambou #69562002"},"content":{"rendered":"<p>Notre plus r\u00e9cente bouteille en verre borosilicate est enferm\u00e9e en silicone doux et recouverte d'un couvercle en bambou naturel. Un cordon de transport r\u00e9glable est un compl\u00e9ment parfait. Rien n'est gaspill\u00e9 dans ce design simple et \u00e9l\u00e9gant. Satisfier votre style et la terre du tr\u00e9sor&#8217; ressources avec notre ECO. Bouteilles de vie.<\/p>","protected":false},"excerpt":{"rendered":"<ul>\n<li>Verre borosilicate respectueux de l'environnement.<\/li>\n<li>Manche en silicone s\u00fbre et douce.<\/li>\n<li>Cordon de transport r\u00e9glable.<\/li>\n<\/ul>","protected":false},"featured_media":9603,"comment_status":"open","ping_status":"closed","template":"","meta":{"_acf_changed":false},"product_brand":[],"product_cat":[218,90,92],"product_tag":[],"class_list":{"0":"post-9595","1":"product","2":"type-product","3":"status-publish","4":"has-post-thumbnail","6":"product_cat-eco-friendly","7":"product_cat-glass-bottle","8":"product_cat-water-bottles","10":"first","11":"instock","12":"shipping-taxable","13":"purchasable","14":"product-type-variable"},"acf":[],"_links":{"self":[{"href":"https:\/\/www.sinoglass.com\/fr\/wp-json\/wp\/v2\/product\/9595","targetHints":{"allow":["GET"]}}],"collection":[{"href":"https:\/\/www.sinoglass.com\/fr\/wp-json\/wp\/v2\/product"}],"about":[{"href":"https:\/\/www.sinoglass.com\/fr\/wp-json\/wp\/v2\/types\/product"}],"replies":[{"embeddable":true,"href":"https:\/\/www.sinoglass.com\/fr\/wp-json\/wp\/v2\/comments?post=9595"}],"wp:featuredmedia":[{"embeddable":true,"href":"https:\/\/www.sinoglass.com\/fr\/wp-json\/wp\/v2\/media\/9603"}],"wp:attachment":[{"href":"https:\/\/www.sinoglass.com\/fr\/wp-json\/wp\/v2\/media?parent=9595"}],"wp:term":[{"taxonomy":"product_brand","embeddable":true,"href":"https:\/\/www.sinoglass.com\/fr\/wp-json\/wp\/v2\/product_brand?post=9595"},{"taxonomy":"product_cat","embeddable":true,"href":"https:\/\/www.sinoglass.com\/fr\/wp-json\/wp\/v2\/product_cat?post=9595"},{"taxonomy":"product_tag","embeddable":true,"href":"https:\/\/www.sinoglass.com\/fr\/wp-json\/wp\/v2\/product_tag?post=9595"}],"curies":[{"name":"WP","href":"https:\/\/api.w.org\/{rel}","templated":true}]}}