{"id":9551,"date":"2026-01-27T15:23:01","date_gmt":"2026-01-27T07:23:01","guid":{"rendered":"https:\/\/www.sinoglass.com\/?post_type=product&#038;p=9551"},"modified":"2026-04-16T15:38:32","modified_gmt":"2026-04-16T07:38:32","slug":"triple-compartment-storage","status":"publish","type":"product","link":"https:\/\/www.sinoglass.com\/fr\/product\/triple-compartment-storage\/","title":{"rendered":"Stockage \u00e0 triple compartiment &#8211; R\u00e9sistant \u00e0 l'humidit\u00e9 #79521003"},"content":{"rendered":"<p>Gardez vos trois \u00e9pices les plus utilis\u00e9es en un seul endroit, scell\u00e9es et en s\u00e9curit\u00e9, avec TRI-SPICE. Appuyez sur un bouton et les ressorts du couvercle s'ouvrent \u00e0 250\u00b0 pour un acc\u00e8s facile. Utilisez les cuill\u00e8res incluses pour prendre ce dont vous avez besoin, puis fermez et verrouillez le couvercle sur une bague en silicone \u00e0 360\u00b0 d'\u00e9paisseur. \u00c9conomisez votre espace de comptoir et stockez vos \u00e9pices dans le TRI-SPICE robuste et pratique.<\/p>","protected":false},"excerpt":{"rendered":"<ul>\n<li>Un r\u00e9cipient, trois \u00e9pices.<\/li>\n<li>Facile \u00e0 ouvrir et \u00e0 fermer.<\/li>\n<li>360? \u00e9tanch\u00e9it\u00e9 en silicone.<\/li>\n<li>Trois petites cuill\u00e8res incluses.<\/li>\n<\/ul>","protected":false},"featured_media":9560,"comment_status":"open","ping_status":"closed","template":"","meta":{"_acf_changed":false},"product_brand":[],"product_cat":[108,70],"product_tag":[],"class_list":{"0":"post-9551","1":"product","2":"type-product","3":"status-publish","4":"has-post-thumbnail","6":"product_cat-spice-jars","7":"product_cat-spice-racks","9":"first","10":"instock","11":"shipping-taxable","12":"purchasable","13":"product-type-variable"},"acf":[],"_links":{"self":[{"href":"https:\/\/www.sinoglass.com\/fr\/wp-json\/wp\/v2\/product\/9551","targetHints":{"allow":["GET"]}}],"collection":[{"href":"https:\/\/www.sinoglass.com\/fr\/wp-json\/wp\/v2\/product"}],"about":[{"href":"https:\/\/www.sinoglass.com\/fr\/wp-json\/wp\/v2\/types\/product"}],"replies":[{"embeddable":true,"href":"https:\/\/www.sinoglass.com\/fr\/wp-json\/wp\/v2\/comments?post=9551"}],"wp:featuredmedia":[{"embeddable":true,"href":"https:\/\/www.sinoglass.com\/fr\/wp-json\/wp\/v2\/media\/9560"}],"wp:attachment":[{"href":"https:\/\/www.sinoglass.com\/fr\/wp-json\/wp\/v2\/media?parent=9551"}],"wp:term":[{"taxonomy":"product_brand","embeddable":true,"href":"https:\/\/www.sinoglass.com\/fr\/wp-json\/wp\/v2\/product_brand?post=9551"},{"taxonomy":"product_cat","embeddable":true,"href":"https:\/\/www.sinoglass.com\/fr\/wp-json\/wp\/v2\/product_cat?post=9551"},{"taxonomy":"product_tag","embeddable":true,"href":"https:\/\/www.sinoglass.com\/fr\/wp-json\/wp\/v2\/product_tag?post=9551"}],"curies":[{"name":"WP","href":"https:\/\/api.w.org\/{rel}","templated":true}]}}