{"id":9203,"date":"2025-10-21T17:11:59","date_gmt":"2025-10-21T09:11:59","guid":{"rendered":"https:\/\/www.sinoglass.com\/?post_type=product&#038;p=9203"},"modified":"2026-04-16T15:37:05","modified_gmt":"2026-04-16T07:37:05","slug":"dual-drink-stainless-steel-tumbler","status":"publish","type":"product","link":"https:\/\/www.sinoglass.com\/fr\/product\/dual-drink-stainless-steel-tumbler\/","title":{"rendered":"SAVOR IT S\u00e9choir en acier inoxydable \u00e0 deux boissons #61968001"},"content":{"rendered":"<p>Sortir \u00e0 travers une paille ou boire \u00e0 travers un bec? SAVOR IT fournit les options pour que vous puissiez faire le choix. Renversez l'onglet central pour une gorg\u00e9e de la paille int\u00e9gr\u00e9e, que ce soit au repos ou allum\u00e9<br \/>\nle mouvement, vous&#8217; Pr\u00eat \u00e0 hydrater. Ou arr\u00eatez-vous, profitez du paysage et ouvrez le bec pour un long verre. L'acier inoxydable thermique maintient votre boisson \u00e0 la bonne temp\u00e9rature afin que vous puissiez savourer<br \/>\nUn moment. La poign\u00e9e grande et confortable et une large gamme de couleurs vous permettent \u00e9galement de savourer le style.<\/p>","protected":false},"excerpt":{"rendered":"<ul style=\"list-style-type: disc;\">\n<li>Double option pour un verre ou une gorg\u00e9e.<\/li>\n<li>Acier inoxydable thermique.<\/li>\n<li>Paille int\u00e9gr\u00e9e et amovible.<\/li>\n<li>Coffre-fort pour lave-vaisselle.<\/li>\n<li>Large gamme de couleurs attrayantes.<\/li>\n<\/ul>","protected":false},"featured_media":9211,"comment_status":"open","ping_status":"closed","template":"","meta":{"_acf_changed":false},"product_brand":[],"product_cat":[128,76,75],"product_tag":[],"class_list":{"0":"post-9203","1":"product","2":"type-product","3":"status-publish","4":"has-post-thumbnail","6":"product_cat-insulated-mug","7":"product_cat-kids","8":"product_cat-tumblers-mugs","10":"first","11":"instock","12":"shipping-taxable","13":"purchasable","14":"product-type-variable"},"acf":[],"_links":{"self":[{"href":"https:\/\/www.sinoglass.com\/fr\/wp-json\/wp\/v2\/product\/9203","targetHints":{"allow":["GET"]}}],"collection":[{"href":"https:\/\/www.sinoglass.com\/fr\/wp-json\/wp\/v2\/product"}],"about":[{"href":"https:\/\/www.sinoglass.com\/fr\/wp-json\/wp\/v2\/types\/product"}],"replies":[{"embeddable":true,"href":"https:\/\/www.sinoglass.com\/fr\/wp-json\/wp\/v2\/comments?post=9203"}],"wp:featuredmedia":[{"embeddable":true,"href":"https:\/\/www.sinoglass.com\/fr\/wp-json\/wp\/v2\/media\/9211"}],"wp:attachment":[{"href":"https:\/\/www.sinoglass.com\/fr\/wp-json\/wp\/v2\/media?parent=9203"}],"wp:term":[{"taxonomy":"product_brand","embeddable":true,"href":"https:\/\/www.sinoglass.com\/fr\/wp-json\/wp\/v2\/product_brand?post=9203"},{"taxonomy":"product_cat","embeddable":true,"href":"https:\/\/www.sinoglass.com\/fr\/wp-json\/wp\/v2\/product_cat?post=9203"},{"taxonomy":"product_tag","embeddable":true,"href":"https:\/\/www.sinoglass.com\/fr\/wp-json\/wp\/v2\/product_tag?post=9203"}],"curies":[{"name":"WP","href":"https:\/\/api.w.org\/{rel}","templated":true}]}}