{"id":9153,"date":"2025-10-16T17:06:16","date_gmt":"2025-10-16T09:06:16","guid":{"rendered":"https:\/\/www.sinoglass.com\/?post_type=product&#038;p=9153"},"modified":"2026-04-16T15:33:27","modified_gmt":"2026-04-16T07:33:27","slug":"glass-and-bamboo-bottle","status":"publish","type":"product","link":"https:\/\/www.sinoglass.com\/fr\/product\/glass-and-bamboo-bottle\/","title":{"rendered":"Bouteille en verre et en bambou ROSELLA #61928001"},"content":{"rendered":"<p>ROSELLA est une expression attrayante de simplicit\u00e9, d\u2019hygi\u00e8ne et de respect de l\u2019environnement. Fabriqu\u00e9 en verre borosilicate, bambou et acier inoxydable dans un sac de transport en tissu protecteur et d\u00e9coratif, nous ajoutons un motif d\u00e9licat au verre pour une touche de beaut\u00e9 florale. L'acier inoxydable \u00e0 l'int\u00e9rieur du couvercle en bambou naturel prot\u00e8ge votre boisson de tout plastique. Trois tailles pratiques sont disponibles.<\/p>","protected":false},"excerpt":{"rendered":"<ul>\n<li>Verre de boisson en borosilicate respectueux de l'environnement.<\/li>\n<li>Couverture en bambou naturel en acier inoxydable.<\/li>\n<li>Motif floral attrayant imprim\u00e9 sur la bouteille.<\/li>\n<li>Sac de transport protecteur et d\u00e9coratif avec poign\u00e9e.<\/li>\n<\/ul>","protected":false},"featured_media":9157,"comment_status":"open","ping_status":"closed","template":"","meta":{"_acf_changed":false},"product_brand":[],"product_cat":[218,90,92],"product_tag":[],"class_list":{"0":"post-9153","1":"product","2":"type-product","3":"status-publish","4":"has-post-thumbnail","6":"product_cat-eco-friendly","7":"product_cat-glass-bottle","8":"product_cat-water-bottles","10":"first","11":"instock","12":"shipping-taxable","13":"purchasable","14":"product-type-variable"},"acf":[],"_links":{"self":[{"href":"https:\/\/www.sinoglass.com\/fr\/wp-json\/wp\/v2\/product\/9153","targetHints":{"allow":["GET"]}}],"collection":[{"href":"https:\/\/www.sinoglass.com\/fr\/wp-json\/wp\/v2\/product"}],"about":[{"href":"https:\/\/www.sinoglass.com\/fr\/wp-json\/wp\/v2\/types\/product"}],"replies":[{"embeddable":true,"href":"https:\/\/www.sinoglass.com\/fr\/wp-json\/wp\/v2\/comments?post=9153"}],"wp:featuredmedia":[{"embeddable":true,"href":"https:\/\/www.sinoglass.com\/fr\/wp-json\/wp\/v2\/media\/9157"}],"wp:attachment":[{"href":"https:\/\/www.sinoglass.com\/fr\/wp-json\/wp\/v2\/media?parent=9153"}],"wp:term":[{"taxonomy":"product_brand","embeddable":true,"href":"https:\/\/www.sinoglass.com\/fr\/wp-json\/wp\/v2\/product_brand?post=9153"},{"taxonomy":"product_cat","embeddable":true,"href":"https:\/\/www.sinoglass.com\/fr\/wp-json\/wp\/v2\/product_cat?post=9153"},{"taxonomy":"product_tag","embeddable":true,"href":"https:\/\/www.sinoglass.com\/fr\/wp-json\/wp\/v2\/product_tag?post=9153"}],"curies":[{"name":"WP","href":"https:\/\/api.w.org\/{rel}","templated":true}]}}