{"id":9139,"date":"2025-10-16T16:48:18","date_gmt":"2025-10-16T08:48:18","guid":{"rendered":"https:\/\/www.sinoglass.com\/?post_type=product&#038;p=9139"},"modified":"2026-04-16T15:32:43","modified_gmt":"2026-04-16T07:32:43","slug":"thermal-bottle-with-dual-lid","status":"publish","type":"product","link":"https:\/\/www.sinoglass.com\/fr\/product\/thermal-bottle-with-dual-lid\/","title":{"rendered":"Bouteille thermique Slimline avec double couvercle #69114003"},"content":{"rendered":"<p>Le couvercle DUAL du HIKER S\/S dispose de deux options de boisson, parfaites pour rester en mouvement ou se reposer. Appuyez sur le bouton, le couvercle s'ouvre et le bec central se l\u00e8ve pour d\u00e9sceller les deux choix: garder la randonn\u00e9e et siroter du centre, ou se reposer et verser du c\u00f4t\u00e9 dans la tasse \u00e0 boire en acier inoxydable. Fermer le couvercle d\u00e9prime le bec et scelle les deux ouvertures.<\/p>","protected":false},"excerpt":{"rendered":"<ul style=\"list-style-type: disc;\">\n<li>Le couvercle activ\u00e9 par bouton d\u00e9scelle les deux options de boisson.<\/li>\n<li>Sortez \u00e0 partir d'un bec pop-up ou versez du c\u00f4t\u00e9.<\/li>\n<li>Fermez le couvercle pour sceller les deux options de boisson.<\/li>\n<\/ul>","protected":false},"featured_media":9147,"comment_status":"open","ping_status":"closed","template":"","meta":{"_acf_changed":false},"product_brand":[],"product_cat":[73,92],"product_tag":[],"class_list":{"0":"post-9139","1":"product","2":"type-product","3":"status-publish","4":"has-post-thumbnail","6":"product_cat-insulated-bottle","7":"product_cat-water-bottles","9":"first","10":"instock","11":"shipping-taxable","12":"purchasable","13":"product-type-variable"},"acf":[],"_links":{"self":[{"href":"https:\/\/www.sinoglass.com\/fr\/wp-json\/wp\/v2\/product\/9139","targetHints":{"allow":["GET"]}}],"collection":[{"href":"https:\/\/www.sinoglass.com\/fr\/wp-json\/wp\/v2\/product"}],"about":[{"href":"https:\/\/www.sinoglass.com\/fr\/wp-json\/wp\/v2\/types\/product"}],"replies":[{"embeddable":true,"href":"https:\/\/www.sinoglass.com\/fr\/wp-json\/wp\/v2\/comments?post=9139"}],"wp:featuredmedia":[{"embeddable":true,"href":"https:\/\/www.sinoglass.com\/fr\/wp-json\/wp\/v2\/media\/9147"}],"wp:attachment":[{"href":"https:\/\/www.sinoglass.com\/fr\/wp-json\/wp\/v2\/media?parent=9139"}],"wp:term":[{"taxonomy":"product_brand","embeddable":true,"href":"https:\/\/www.sinoglass.com\/fr\/wp-json\/wp\/v2\/product_brand?post=9139"},{"taxonomy":"product_cat","embeddable":true,"href":"https:\/\/www.sinoglass.com\/fr\/wp-json\/wp\/v2\/product_cat?post=9139"},{"taxonomy":"product_tag","embeddable":true,"href":"https:\/\/www.sinoglass.com\/fr\/wp-json\/wp\/v2\/product_tag?post=9139"}],"curies":[{"name":"WP","href":"https:\/\/api.w.org\/{rel}","templated":true}]}}