{"id":9119,"date":"2025-10-16T16:33:13","date_gmt":"2025-10-16T08:33:13","guid":{"rendered":"https:\/\/www.sinoglass.com\/?post_type=product&#038;p=9119"},"modified":"2026-04-16T15:36:49","modified_gmt":"2026-04-16T07:36:49","slug":"borosilicate-glass-oil-dispenser-bottle","status":"publish","type":"product","link":"https:\/\/www.sinoglass.com\/fr\/product\/borosilicate-glass-oil-dispenser-bottle\/","title":{"rendered":"Bouteille de distributeur d'huile en verre de borosilicate S \/ S Boit #8775A002"},"content":{"rendered":"<div>\n<p>La texture \u00e9l\u00e9gante de notre borosilicate WHEAT VIEW est visible, pas ressentie. La surface ext\u00e9rieure est lisse et facile \u00e0 manipuler, mais l'int\u00e9rieur est notre design WHEATFIELD, offrant une vue subtile et attrayante pour plaire \u00e0 vos invit\u00e9s et gracier votre table. Disponible en trois tailles, WHEAT VIEW est surmont\u00e9 de notre c\u00e9l\u00e8bre bec en acier inoxydable JUST POUR.<\/p>\n<\/div>\n<p class=\"text-end\">","protected":false},"excerpt":{"rendered":"<ul>\n<li>Bouteilles O\/V en verre borosilicate.<\/li>\n<li>Textur\u00e9 \u00e0 l'int\u00e9rieur, lisse \u00e0 l'ext\u00e9rieur.<\/li>\n<li>Boit en acier inoxydable JUST POUR.<\/li>\n<li>Disponible en trois tailles.<\/li>\n<\/ul>","protected":false},"featured_media":9124,"comment_status":"open","ping_status":"closed","template":"","meta":{"_acf_changed":false},"product_brand":[],"product_cat":[69,250],"product_tag":[],"class_list":{"0":"post-9119","1":"product","2":"type-product","3":"status-publish","4":"has-post-thumbnail","6":"product_cat-oil-dispensers","7":"product_cat-oil-vinegar-dispenser","9":"first","10":"instock","11":"shipping-taxable","12":"purchasable","13":"product-type-variable"},"acf":[],"_links":{"self":[{"href":"https:\/\/www.sinoglass.com\/fr\/wp-json\/wp\/v2\/product\/9119","targetHints":{"allow":["GET"]}}],"collection":[{"href":"https:\/\/www.sinoglass.com\/fr\/wp-json\/wp\/v2\/product"}],"about":[{"href":"https:\/\/www.sinoglass.com\/fr\/wp-json\/wp\/v2\/types\/product"}],"replies":[{"embeddable":true,"href":"https:\/\/www.sinoglass.com\/fr\/wp-json\/wp\/v2\/comments?post=9119"}],"wp:featuredmedia":[{"embeddable":true,"href":"https:\/\/www.sinoglass.com\/fr\/wp-json\/wp\/v2\/media\/9124"}],"wp:attachment":[{"href":"https:\/\/www.sinoglass.com\/fr\/wp-json\/wp\/v2\/media?parent=9119"}],"wp:term":[{"taxonomy":"product_brand","embeddable":true,"href":"https:\/\/www.sinoglass.com\/fr\/wp-json\/wp\/v2\/product_brand?post=9119"},{"taxonomy":"product_cat","embeddable":true,"href":"https:\/\/www.sinoglass.com\/fr\/wp-json\/wp\/v2\/product_cat?post=9119"},{"taxonomy":"product_tag","embeddable":true,"href":"https:\/\/www.sinoglass.com\/fr\/wp-json\/wp\/v2\/product_tag?post=9119"}],"curies":[{"name":"WP","href":"https:\/\/api.w.org\/{rel}","templated":true}]}}