{"id":9112,"date":"2025-10-16T16:24:02","date_gmt":"2025-10-16T08:24:02","guid":{"rendered":"https:\/\/www.sinoglass.com\/?post_type=product&#038;p=9112"},"modified":"2026-04-16T15:36:24","modified_gmt":"2026-04-16T07:36:24","slug":"borosilicate-glass-storage","status":"publish","type":"product","link":"https:\/\/www.sinoglass.com\/fr\/product\/borosilicate-glass-storage\/","title":{"rendered":"Stockage en verre borosilicate Vue agrandie #9951A000"},"content":{"rendered":"<p>Le stockage en verre de borosilicate est clair et robuste, et maintenant vous pouvez voir vos aliments stock\u00e9s du haut aussi. CLOSE UP est id\u00e9al pour une \u00e9tag\u00e8re, mais aussi pour un tiroir. Vous pouvez voir clairement dans le pot \u00e0 travers le couvercle de la loupe. La garniture en acier inoxydable ajoute style et un joint en silicone ajoute protection contre l'humidit\u00e9.<\/p>","protected":false},"excerpt":{"rendered":"<ul>\n<li>Voir les ingr\u00e9dients du c\u00f4t\u00e9 ou du haut.<\/li>\n<li>La loupe Big Eye donne une vue claire.<\/li>\n<li>Quatre tailles empilables.<\/li>\n<\/ul>","protected":false},"featured_media":9114,"comment_status":"open","ping_status":"closed","template":"","meta":{"_acf_changed":false},"product_brand":[],"product_cat":[100,68],"product_tag":[],"class_list":{"0":"post-9112","1":"product","2":"type-product","3":"status-publish","4":"has-post-thumbnail","6":"product_cat-glass-storage-jar","7":"product_cat-storage-jars","9":"first","10":"instock","11":"shipping-taxable","12":"purchasable","13":"product-type-variable"},"acf":[],"_links":{"self":[{"href":"https:\/\/www.sinoglass.com\/fr\/wp-json\/wp\/v2\/product\/9112","targetHints":{"allow":["GET"]}}],"collection":[{"href":"https:\/\/www.sinoglass.com\/fr\/wp-json\/wp\/v2\/product"}],"about":[{"href":"https:\/\/www.sinoglass.com\/fr\/wp-json\/wp\/v2\/types\/product"}],"replies":[{"embeddable":true,"href":"https:\/\/www.sinoglass.com\/fr\/wp-json\/wp\/v2\/comments?post=9112"}],"wp:featuredmedia":[{"embeddable":true,"href":"https:\/\/www.sinoglass.com\/fr\/wp-json\/wp\/v2\/media\/9114"}],"wp:attachment":[{"href":"https:\/\/www.sinoglass.com\/fr\/wp-json\/wp\/v2\/media?parent=9112"}],"wp:term":[{"taxonomy":"product_brand","embeddable":true,"href":"https:\/\/www.sinoglass.com\/fr\/wp-json\/wp\/v2\/product_brand?post=9112"},{"taxonomy":"product_cat","embeddable":true,"href":"https:\/\/www.sinoglass.com\/fr\/wp-json\/wp\/v2\/product_cat?post=9112"},{"taxonomy":"product_tag","embeddable":true,"href":"https:\/\/www.sinoglass.com\/fr\/wp-json\/wp\/v2\/product_tag?post=9112"}],"curies":[{"name":"WP","href":"https:\/\/api.w.org\/{rel}","templated":true}]}}