{"id":9102,"date":"2025-10-16T16:14:35","date_gmt":"2025-10-16T08:14:35","guid":{"rendered":"https:\/\/www.sinoglass.com\/?post_type=product&#038;p=9102"},"modified":"2026-04-16T15:37:42","modified_gmt":"2026-04-16T07:37:42","slug":"portable-food-storage","status":"publish","type":"product","link":"https:\/\/www.sinoglass.com\/fr\/product\/portable-food-storage\/","title":{"rendered":"Stockage alimentaire portable avec cuill\u00e8re pliable S \/ S #6613400201"},"content":{"rendered":"<p>Quand le d\u00eener est si bon que vous voulez le d\u00e9jeuner le lendemain, DISHED est ce dont vous avez besoin. Les vaisselle en verre micro-ondes avec un couvercle robuste et une base en silicone douce ont la taille juste pour les restes, ou toute nourriture \u00e0 aller. Restes, yaourt, farine d\u2019avoine, fruits \u2013 ce stockage portable compact est id\u00e9al pour le bureau, un pique-nique, en voyage, n\u2019importe quel nom. La cuill\u00e8re en acier inoxydable ajoute encore plus de commodit\u00e9 (retirez toujours le couvercle et la cuill\u00e8re avant de placer DISHED dans un micro-ondes).<\/p>","protected":false},"excerpt":{"rendered":"<ul>\n<li>Stockage alimentaire portable en verre et silicone.<\/li>\n<li>Couverture s\u00e9curis\u00e9e, cuill\u00e8re en acier inoxydable incluse.<\/li>\n<li>Pour des plats chauds ou froids.<\/li>\n<\/ul>","protected":false},"featured_media":9108,"comment_status":"open","ping_status":"closed","template":"","meta":{"_acf_changed":false},"product_brand":[],"product_cat":[103,68],"product_tag":[],"class_list":{"0":"post-9102","1":"product","2":"type-product","3":"status-publish","4":"has-post-thumbnail","6":"product_cat-lunch-box","7":"product_cat-storage-jars","9":"first","10":"instock","11":"shipping-taxable","12":"purchasable","13":"product-type-variable"},"acf":[],"_links":{"self":[{"href":"https:\/\/www.sinoglass.com\/fr\/wp-json\/wp\/v2\/product\/9102","targetHints":{"allow":["GET"]}}],"collection":[{"href":"https:\/\/www.sinoglass.com\/fr\/wp-json\/wp\/v2\/product"}],"about":[{"href":"https:\/\/www.sinoglass.com\/fr\/wp-json\/wp\/v2\/types\/product"}],"replies":[{"embeddable":true,"href":"https:\/\/www.sinoglass.com\/fr\/wp-json\/wp\/v2\/comments?post=9102"}],"wp:featuredmedia":[{"embeddable":true,"href":"https:\/\/www.sinoglass.com\/fr\/wp-json\/wp\/v2\/media\/9108"}],"wp:attachment":[{"href":"https:\/\/www.sinoglass.com\/fr\/wp-json\/wp\/v2\/media?parent=9102"}],"wp:term":[{"taxonomy":"product_brand","embeddable":true,"href":"https:\/\/www.sinoglass.com\/fr\/wp-json\/wp\/v2\/product_brand?post=9102"},{"taxonomy":"product_cat","embeddable":true,"href":"https:\/\/www.sinoglass.com\/fr\/wp-json\/wp\/v2\/product_cat?post=9102"},{"taxonomy":"product_tag","embeddable":true,"href":"https:\/\/www.sinoglass.com\/fr\/wp-json\/wp\/v2\/product_tag?post=9102"}],"curies":[{"name":"WP","href":"https:\/\/api.w.org\/{rel}","templated":true}]}}