{"id":9093,"date":"2025-10-16T15:58:19","date_gmt":"2025-10-16T07:58:19","guid":{"rendered":"https:\/\/www.sinoglass.com\/?post_type=product&#038;p=9093"},"modified":"2026-04-16T15:37:09","modified_gmt":"2026-04-16T07:37:09","slug":"pearl-milk-tea-tumbler","status":"publish","type":"product","link":"https:\/\/www.sinoglass.com\/fr\/product\/pearl-milk-tea-tumbler\/","title":{"rendered":"Bouilloire \u00e0 th\u00e9 au lait de perle avec grande paille #66248002"},"content":{"rendered":"<p>Retournez et soulevez le capuchon pour exposer la paille sirotante, puis profitez de cette boisson sp\u00e9ciale sans stress. D\u00e9vissez le couvercle et retirez le m\u00e9canisme pour nettoyer apr\u00e8s utilisation. Si vous&#8217; Vous n'avez jamais essay\u00e9 de th\u00e9 au lait de perle, Pearly Days est le verre parfait pour commencer votre aventure.<\/p>","protected":false},"excerpt":{"rendered":"<ul style=\"list-style-type: disc;\">\n<li>S.S. linge pour th\u00e9 au lait de perle.<\/li>\n<li>M\u00e9canisme de paille unique.<\/li>\n<li>La poign\u00e9e de la sangle tient \u00e9galement le couvercle torsion.<\/li>\n<li>Facile \u00e0 d\u00e9monter et nettoyer.<\/li>\n<\/ul>","protected":false},"featured_media":9096,"comment_status":"open","ping_status":"closed","template":"","meta":{"_acf_changed":false},"product_brand":[],"product_cat":[128,75],"product_tag":[],"class_list":{"0":"post-9093","1":"product","2":"type-product","3":"status-publish","4":"has-post-thumbnail","6":"product_cat-insulated-mug","7":"product_cat-tumblers-mugs","9":"first","10":"instock","11":"shipping-taxable","12":"purchasable","13":"product-type-variable"},"acf":[],"_links":{"self":[{"href":"https:\/\/www.sinoglass.com\/fr\/wp-json\/wp\/v2\/product\/9093","targetHints":{"allow":["GET"]}}],"collection":[{"href":"https:\/\/www.sinoglass.com\/fr\/wp-json\/wp\/v2\/product"}],"about":[{"href":"https:\/\/www.sinoglass.com\/fr\/wp-json\/wp\/v2\/types\/product"}],"replies":[{"embeddable":true,"href":"https:\/\/www.sinoglass.com\/fr\/wp-json\/wp\/v2\/comments?post=9093"}],"wp:featuredmedia":[{"embeddable":true,"href":"https:\/\/www.sinoglass.com\/fr\/wp-json\/wp\/v2\/media\/9096"}],"wp:attachment":[{"href":"https:\/\/www.sinoglass.com\/fr\/wp-json\/wp\/v2\/media?parent=9093"}],"wp:term":[{"taxonomy":"product_brand","embeddable":true,"href":"https:\/\/www.sinoglass.com\/fr\/wp-json\/wp\/v2\/product_brand?post=9093"},{"taxonomy":"product_cat","embeddable":true,"href":"https:\/\/www.sinoglass.com\/fr\/wp-json\/wp\/v2\/product_cat?post=9093"},{"taxonomy":"product_tag","embeddable":true,"href":"https:\/\/www.sinoglass.com\/fr\/wp-json\/wp\/v2\/product_tag?post=9093"}],"curies":[{"name":"WP","href":"https:\/\/api.w.org\/{rel}","templated":true}]}}