{"id":9083,"date":"2025-10-16T15:48:48","date_gmt":"2025-10-16T07:48:48","guid":{"rendered":"https:\/\/www.sinoglass.com\/?post_type=product&#038;p=9083"},"modified":"2025-10-16T15:57:46","modified_gmt":"2025-10-16T07:57:46","slug":"magnetic-spice-storage-with-spoon","status":"publish","type":"product","link":"https:\/\/www.sinoglass.com\/fr\/product\/magnetic-spice-storage-with-spoon\/","title":{"rendered":"Stockage magn\u00e9tique d'\u00e9pices avec cuill\u00e8re #7955200201"},"content":{"rendered":"<p>Si l'espace du compteur est limit\u00e9, MAGNA SPICE pourrait \u00eatre la r\u00e9ponse. Toute surface m\u00e9tallique pouvant contenir un aimant peut \u00eatre une zone de stockage pour votre assaisonnement pr\u00e9f\u00e9r\u00e9. Le couvercle facilement ouvert se ferme sur un joint en silicone doux qui maintient la fra\u00eecheur. Utilisez la cuill\u00e8re de 5 ml incluse pour scoop ce dont vous avez besoin.<\/p>","protected":false},"excerpt":{"rendered":"<ul>\n<li>Acc\u00e8s facile stockage \u00e0 l'humidit\u00e9.<\/li>\n<li>Grand espace magn\u00e9tique pour accrocher sur une surface m\u00e9tallique.<\/li>\n<li>5 ml cuill\u00e8re incluse.<\/li>\n<\/ul>","protected":false},"featured_media":9092,"comment_status":"open","ping_status":"closed","template":"","meta":{"_acf_changed":false},"product_brand":[],"product_cat":[108,70],"product_tag":[],"class_list":{"0":"post-9083","1":"product","2":"type-product","3":"status-publish","4":"has-post-thumbnail","6":"product_cat-spice-jars","7":"product_cat-spice-racks","9":"first","10":"instock","11":"shipping-taxable","12":"purchasable","13":"product-type-variable"},"acf":[],"_links":{"self":[{"href":"https:\/\/www.sinoglass.com\/fr\/wp-json\/wp\/v2\/product\/9083","targetHints":{"allow":["GET"]}}],"collection":[{"href":"https:\/\/www.sinoglass.com\/fr\/wp-json\/wp\/v2\/product"}],"about":[{"href":"https:\/\/www.sinoglass.com\/fr\/wp-json\/wp\/v2\/types\/product"}],"replies":[{"embeddable":true,"href":"https:\/\/www.sinoglass.com\/fr\/wp-json\/wp\/v2\/comments?post=9083"}],"wp:featuredmedia":[{"embeddable":true,"href":"https:\/\/www.sinoglass.com\/fr\/wp-json\/wp\/v2\/media\/9092"}],"wp:attachment":[{"href":"https:\/\/www.sinoglass.com\/fr\/wp-json\/wp\/v2\/media?parent=9083"}],"wp:term":[{"taxonomy":"product_brand","embeddable":true,"href":"https:\/\/www.sinoglass.com\/fr\/wp-json\/wp\/v2\/product_brand?post=9083"},{"taxonomy":"product_cat","embeddable":true,"href":"https:\/\/www.sinoglass.com\/fr\/wp-json\/wp\/v2\/product_cat?post=9083"},{"taxonomy":"product_tag","embeddable":true,"href":"https:\/\/www.sinoglass.com\/fr\/wp-json\/wp\/v2\/product_tag?post=9083"}],"curies":[{"name":"WP","href":"https:\/\/api.w.org\/{rel}","templated":true}]}}