{"id":9065,"date":"2025-10-16T15:25:49","date_gmt":"2025-10-16T07:25:49","guid":{"rendered":"https:\/\/www.sinoglass.com\/?post_type=product&#038;p=9065"},"modified":"2026-04-16T15:38:01","modified_gmt":"2026-04-16T07:38:01","slug":"stainless-steel-water-tumbler","status":"publish","type":"product","link":"https:\/\/www.sinoglass.com\/fr\/product\/stainless-steel-water-tumbler\/","title":{"rendered":"DONUT vase \u00e0 eau en acier inoxydable #66148003"},"content":{"rendered":"<p>Twist, boire.  It&#8217; s simple, rapide et \u00e9l\u00e9gant. Un m\u00e9canisme ing\u00e9nieux donne un look minimaliste avec un joint s\u00e9curis\u00e9. Un quart de tour expose le bec g\u00e9n\u00e9reux, et une rapide torsion inverse se ferme et le scelle de mani\u00e8re s\u00fbre. Am\u00e9nagez-le dans votre p\u00e2tisserie pr\u00e9f\u00e9r\u00e9e et d\u00e9gustez un combo parfait, des beignets avec du caf\u00e9 de la DONUT 1. Quand vous&#8217; refait, il&#8217; s facile \u00e0 d\u00e9monter et nettoyer pour votre prochaine aventure d\u00e9licieuse<\/p>","protected":false},"excerpt":{"rendered":"<ul style=\"list-style-type: disc;\">\n<li>Un tour pour ouvrir et boire.<\/li>\n<li>M\u00e9canisme d'\u00e9tanch\u00e9it\u00e9 s\u00e9curis\u00e9.<\/li>\n<li>Acier inoxydable pour la r\u00e9tention thermique.<\/li>\n<li>Parfait pour les boissons chaudes ou froides.<\/li>\n<li>Carry strap peut \u00eatre ajout\u00e9.<\/li>\n<\/ul>","protected":false},"featured_media":9068,"comment_status":"open","ping_status":"closed","template":"","meta":{"_acf_changed":false},"product_brand":[],"product_cat":[73,92],"product_tag":[],"class_list":{"0":"post-9065","1":"product","2":"type-product","3":"status-publish","4":"has-post-thumbnail","6":"product_cat-insulated-bottle","7":"product_cat-water-bottles","9":"first","10":"instock","11":"shipping-taxable","12":"purchasable","13":"product-type-variable"},"acf":[],"_links":{"self":[{"href":"https:\/\/www.sinoglass.com\/fr\/wp-json\/wp\/v2\/product\/9065","targetHints":{"allow":["GET"]}}],"collection":[{"href":"https:\/\/www.sinoglass.com\/fr\/wp-json\/wp\/v2\/product"}],"about":[{"href":"https:\/\/www.sinoglass.com\/fr\/wp-json\/wp\/v2\/types\/product"}],"replies":[{"embeddable":true,"href":"https:\/\/www.sinoglass.com\/fr\/wp-json\/wp\/v2\/comments?post=9065"}],"wp:featuredmedia":[{"embeddable":true,"href":"https:\/\/www.sinoglass.com\/fr\/wp-json\/wp\/v2\/media\/9068"}],"wp:attachment":[{"href":"https:\/\/www.sinoglass.com\/fr\/wp-json\/wp\/v2\/media?parent=9065"}],"wp:term":[{"taxonomy":"product_brand","embeddable":true,"href":"https:\/\/www.sinoglass.com\/fr\/wp-json\/wp\/v2\/product_brand?post=9065"},{"taxonomy":"product_cat","embeddable":true,"href":"https:\/\/www.sinoglass.com\/fr\/wp-json\/wp\/v2\/product_cat?post=9065"},{"taxonomy":"product_tag","embeddable":true,"href":"https:\/\/www.sinoglass.com\/fr\/wp-json\/wp\/v2\/product_tag?post=9065"}],"curies":[{"name":"WP","href":"https:\/\/api.w.org\/{rel}","templated":true}]}}