{"id":9047,"date":"2025-10-16T14:23:06","date_gmt":"2025-10-16T06:23:06","guid":{"rendered":"https:\/\/www.sinoglass.com\/?post_type=product&#038;p=9047"},"modified":"2026-04-16T15:36:44","modified_gmt":"2026-04-16T07:36:44","slug":"drip-free-oil-vinegar-dispenser","status":"publish","type":"product","link":"https:\/\/www.sinoglass.com\/fr\/product\/drip-free-oil-vinegar-dispenser\/","title":{"rendered":"Distributeur d'huile\/vinaigre sans goutte \u00e0 goutte &#8211; Couverture \u00e0 double charni\u00e8re #8653200201"},"content":{"rendered":"<div>\n<p>Simple et rapide &#8217; s ce que vous voulez lorsque vous remplissez votre bouteille O\/V. Easy Fill offre le meilleur moyen \u00e0 ce jour. Ouvrez et pliez le couvercle transparent pour d\u00e9sceller et exposer le bec de versement en silicone sans goutte \u00e0 goutte. Renversez l'autre c\u00f4t\u00e9 du couvercle \u00e0 double charni\u00e8re, qui repose \u00e9galement dans un joint en silicone, pour exposer une ouverture large et pratique pour le remplissage. Vous pouvez d\u00e9visser tout le couvercle quand il&#8217; S temps de nettoyage. Jusqu'\u00e0 ce moment, profitez de la vitesse et de la commodit\u00e9 sans goutte \u00e0 goutte.<\/p>\n<\/div>\n<p class=\"text-end\">","protected":false},"excerpt":{"rendered":"<ul>\n<li>Couverture \u00e0 double charni\u00e8re pour verser et remplir.<\/li>\n<li>Boit en silicone sans goutte \u00e0 goutte.<\/li>\n<li>Le couvercle transparent s'ouvre largement pour le versement.<\/li>\n<li>Le couvercle se retourne pour le remplissage.<\/li>\n<\/ul>","protected":false},"featured_media":9052,"comment_status":"open","ping_status":"closed","template":"","meta":{"_acf_changed":false},"product_brand":[],"product_cat":[69,250],"product_tag":[],"class_list":{"0":"post-9047","1":"product","2":"type-product","3":"status-publish","4":"has-post-thumbnail","6":"product_cat-oil-dispensers","7":"product_cat-oil-vinegar-dispenser","9":"first","10":"instock","11":"shipping-taxable","12":"purchasable","13":"product-type-variable"},"acf":[],"_links":{"self":[{"href":"https:\/\/www.sinoglass.com\/fr\/wp-json\/wp\/v2\/product\/9047","targetHints":{"allow":["GET"]}}],"collection":[{"href":"https:\/\/www.sinoglass.com\/fr\/wp-json\/wp\/v2\/product"}],"about":[{"href":"https:\/\/www.sinoglass.com\/fr\/wp-json\/wp\/v2\/types\/product"}],"replies":[{"embeddable":true,"href":"https:\/\/www.sinoglass.com\/fr\/wp-json\/wp\/v2\/comments?post=9047"}],"wp:featuredmedia":[{"embeddable":true,"href":"https:\/\/www.sinoglass.com\/fr\/wp-json\/wp\/v2\/media\/9052"}],"wp:attachment":[{"href":"https:\/\/www.sinoglass.com\/fr\/wp-json\/wp\/v2\/media?parent=9047"}],"wp:term":[{"taxonomy":"product_brand","embeddable":true,"href":"https:\/\/www.sinoglass.com\/fr\/wp-json\/wp\/v2\/product_brand?post=9047"},{"taxonomy":"product_cat","embeddable":true,"href":"https:\/\/www.sinoglass.com\/fr\/wp-json\/wp\/v2\/product_cat?post=9047"},{"taxonomy":"product_tag","embeddable":true,"href":"https:\/\/www.sinoglass.com\/fr\/wp-json\/wp\/v2\/product_tag?post=9047"}],"curies":[{"name":"WP","href":"https:\/\/api.w.org\/{rel}","templated":true}]}}