{"id":9035,"date":"2025-10-16T14:04:06","date_gmt":"2025-10-16T06:04:06","guid":{"rendered":"https:\/\/www.sinoglass.com\/?post_type=product&#038;p=9035"},"modified":"2026-04-16T15:30:36","modified_gmt":"2026-04-16T07:30:36","slug":"rotating-spice-rack-jars-set","status":"publish","type":"product","link":"https:\/\/www.sinoglass.com\/fr\/product\/rotating-spice-rack-jars-set\/","title":{"rendered":"Rack d'\u00e9pices tournant &#038; Jars Set &#8211; Dosage double, remplissage facile #86512002"},"content":{"rendered":"<p>Avec un remplissage facile et un couvercle \u00e0 double distribution pratique, DELUXE est le produit parfait pour votre cuisine et votre table. Les mat\u00e9riaux en silicone et en verre montrent que la commodit\u00e9 et la durabilit\u00e9 sont facilement assorties. Les onglets oppos\u00e9s s'ouvrent pour un saupoudrement ou un versement, et tout le couvercle peut s'ouvrir pour un remplissage facile, pas besoin de d\u00e9visser le couvercle. L'\u00e9tanch\u00e9it\u00e9 en silicone prot\u00e8ge de l'humidit\u00e9. Pour une option de style DELUXE, choisissez parmi trois couleurs disponibles.<\/p>","protected":false},"excerpt":{"rendered":"<ul>\n<li>Shaker sel\/poivre \u00e0 double distribution.<\/li>\n<li>Le couvercle s'ouvre pour un remplissage facile.<\/li>\n<li>Mat\u00e9riaux en plastique et en verre.<\/li>\n<li>Choix de combinaisons de rack d'\u00e9pices.<\/li>\n<\/ul>","protected":false},"featured_media":9040,"comment_status":"open","ping_status":"closed","template":"","meta":{"_acf_changed":false},"product_brand":[],"product_cat":[110,70,213],"product_tag":[],"class_list":{"0":"post-9035","1":"product","2":"type-product","3":"status-publish","4":"has-post-thumbnail","6":"product_cat-rotating-spice-rack","7":"product_cat-spice-racks","8":"product_cat-spice-rack-jars","10":"first","11":"instock","12":"shipping-taxable","13":"purchasable","14":"product-type-variable"},"acf":[],"_links":{"self":[{"href":"https:\/\/www.sinoglass.com\/fr\/wp-json\/wp\/v2\/product\/9035","targetHints":{"allow":["GET"]}}],"collection":[{"href":"https:\/\/www.sinoglass.com\/fr\/wp-json\/wp\/v2\/product"}],"about":[{"href":"https:\/\/www.sinoglass.com\/fr\/wp-json\/wp\/v2\/types\/product"}],"replies":[{"embeddable":true,"href":"https:\/\/www.sinoglass.com\/fr\/wp-json\/wp\/v2\/comments?post=9035"}],"wp:featuredmedia":[{"embeddable":true,"href":"https:\/\/www.sinoglass.com\/fr\/wp-json\/wp\/v2\/media\/9040"}],"wp:attachment":[{"href":"https:\/\/www.sinoglass.com\/fr\/wp-json\/wp\/v2\/media?parent=9035"}],"wp:term":[{"taxonomy":"product_brand","embeddable":true,"href":"https:\/\/www.sinoglass.com\/fr\/wp-json\/wp\/v2\/product_brand?post=9035"},{"taxonomy":"product_cat","embeddable":true,"href":"https:\/\/www.sinoglass.com\/fr\/wp-json\/wp\/v2\/product_cat?post=9035"},{"taxonomy":"product_tag","embeddable":true,"href":"https:\/\/www.sinoglass.com\/fr\/wp-json\/wp\/v2\/product_tag?post=9035"}],"curies":[{"name":"WP","href":"https:\/\/api.w.org\/{rel}","templated":true}]}}