{"id":8925,"date":"2025-09-24T15:17:06","date_gmt":"2025-09-24T07:17:06","guid":{"rendered":"https:\/\/www.sinoglass.com\/?post_type=product&#038;p=8925"},"modified":"2026-04-16T15:36:02","modified_gmt":"2026-04-16T07:36:02","slug":"glass-water-pitcher","status":"publish","type":"product","link":"https:\/\/www.sinoglass.com\/fr\/product\/glass-water-pitcher\/","title":{"rendered":"AUTO SLIDE &#8211; Grand Pitcher d'eau en verre de borosilicate #66372003"},"content":{"rendered":"<p>Notre plus r\u00e9cent lanceur de pointe \u00e0 verser a un grand objectif : la facilit\u00e9 d\u2019utilisation. Tout d'abord, nous avons install\u00e9 un m\u00e9canisme innovant de coulissage automatique ouvert et ferm\u00e9. Conseil pour ouvrir et verser, placer droit pour fermer. Le m\u00e9canisme s'ouvre en douceur sans aucun mouvement soudain qui pourrait provoquer un d\u00e9versement. Deuxi\u00e8mement, remplir un bac peut \u00eatre un probl\u00e8me si vous avez besoin de d\u00e9visser le couvercle et la poign\u00e9e. Avec AUTO SLIDE, il suffit de soulever le m\u00e9canisme de versement, de le placer sur une table (les petites onglets le gardent hors de la surface) et de remplir \u00e0 travers la grande ouverture. Vous pouvez \u00e9galement facilement retirer le m\u00e9canisme de nettoyage. Troisi\u00e8mement, il doit \u00eatre grand. AUTO SLIDE est de 1.5L \/ 1.8L, ce qui signifie moins de remplissage. Innovation, remplissage et nettoyage pratiques, taille de famille - grand objectif atteint!<\/p>","protected":false},"excerpt":{"rendered":"<p>\u2022 M\u00e9canisme coulissant unique pour l'ouverture et la fermeture automatiques<br \/>\n\u2022 Pitcher de borosilicate de grande capacit\u00e9, 1.5L\/1.8L<br \/>\n\u2022 Le m\u00e9canisme de glisse est prot\u00e9g\u00e9 de l'humidit\u00e9 et est sans rouille<br \/>\n\u2022 Remplissement pratique sans enlever tout le couvercle<br \/>\n\u2022 Facile \u00e0 enlever m\u00e9canisme coulissant pour le nettoyage<\/p>","protected":false},"featured_media":8929,"comment_status":"open","ping_status":"closed","template":"","meta":{"_acf_changed":false},"product_brand":[],"product_cat":[72,119],"product_tag":[],"class_list":{"0":"post-8925","1":"product","2":"type-product","3":"status-publish","4":"has-post-thumbnail","6":"product_cat-carafe-pitcher","7":"product_cat-glass-water-jug","9":"first","10":"instock","11":"shipping-taxable","12":"purchasable","13":"product-type-variable"},"acf":[],"_links":{"self":[{"href":"https:\/\/www.sinoglass.com\/fr\/wp-json\/wp\/v2\/product\/8925","targetHints":{"allow":["GET"]}}],"collection":[{"href":"https:\/\/www.sinoglass.com\/fr\/wp-json\/wp\/v2\/product"}],"about":[{"href":"https:\/\/www.sinoglass.com\/fr\/wp-json\/wp\/v2\/types\/product"}],"replies":[{"embeddable":true,"href":"https:\/\/www.sinoglass.com\/fr\/wp-json\/wp\/v2\/comments?post=8925"}],"wp:featuredmedia":[{"embeddable":true,"href":"https:\/\/www.sinoglass.com\/fr\/wp-json\/wp\/v2\/media\/8929"}],"wp:attachment":[{"href":"https:\/\/www.sinoglass.com\/fr\/wp-json\/wp\/v2\/media?parent=8925"}],"wp:term":[{"taxonomy":"product_brand","embeddable":true,"href":"https:\/\/www.sinoglass.com\/fr\/wp-json\/wp\/v2\/product_brand?post=8925"},{"taxonomy":"product_cat","embeddable":true,"href":"https:\/\/www.sinoglass.com\/fr\/wp-json\/wp\/v2\/product_cat?post=8925"},{"taxonomy":"product_tag","embeddable":true,"href":"https:\/\/www.sinoglass.com\/fr\/wp-json\/wp\/v2\/product_tag?post=8925"}],"curies":[{"name":"WP","href":"https:\/\/api.w.org\/{rel}","templated":true}]}}