{"id":8912,"date":"2025-09-23T16:56:15","date_gmt":"2025-09-23T08:56:15","guid":{"rendered":"https:\/\/www.sinoglass.com\/?post_type=product&#038;p=8912"},"modified":"2026-04-16T15:36:59","modified_gmt":"2026-04-16T07:36:59","slug":"2-in-1-oil-spray-bottle","status":"publish","type":"product","link":"https:\/\/www.sinoglass.com\/fr\/product\/2-in-1-oil-spray-bottle\/","title":{"rendered":"2 en 1 pulv\u00e9risateur d'huile de verre et distributeur #79531001"},"content":{"rendered":"<div>\n<p style=\"text-align: center;\">Depuis 25 ans, nous&#8217; nous avons cr\u00e9\u00e9 des produits innovants de qualit\u00e9 pour votre cuisine. L\u2019AUTUMN 25 poursuit cette vision en offrant deux fa\u00e7ons de distribuer de l\u2019huile selon les besoins. Appuyez sur le bouton sup\u00e9rieur pour appliquer une brume uniforme sur les salades, les steaks, le grill ou la casserole, quel que soit votre choix. Ou, versez de l'huile d'un bec qui coule lisse sur la nourriture ou pour mesurer pour la cuisson. Les deux options sont accessibles en m\u00eame temps avec un simple twist de la couverture unique. AUTUMN 25 est l'unique bouteille n\u00e9cessaire pour toutes vos applications d'huile.<\/p>\n<\/div>\n<p class=\"text-end\">","protected":false},"excerpt":{"rendered":"<ul>\n<li>Conception int\u00e9gr\u00e9e pour la pulv\u00e9risation et le versement.<\/li>\n<li>Un tournant permet d'acc\u00e9der aux deux options.<\/li>\n<li>Disponible en trois couleurs et capacit\u00e9s.<\/li>\n<\/ul>","protected":false},"featured_media":8914,"comment_status":"open","ping_status":"closed","template":"","meta":{"_acf_changed":false},"product_brand":[],"product_cat":[99,250],"product_tag":[],"class_list":{"0":"post-8912","1":"product","2":"type-product","3":"status-publish","4":"has-post-thumbnail","6":"product_cat-oil-sprayers","7":"product_cat-oil-vinegar-dispenser","9":"first","10":"instock","11":"shipping-taxable","12":"purchasable","13":"product-type-variable"},"acf":[],"_links":{"self":[{"href":"https:\/\/www.sinoglass.com\/fr\/wp-json\/wp\/v2\/product\/8912","targetHints":{"allow":["GET"]}}],"collection":[{"href":"https:\/\/www.sinoglass.com\/fr\/wp-json\/wp\/v2\/product"}],"about":[{"href":"https:\/\/www.sinoglass.com\/fr\/wp-json\/wp\/v2\/types\/product"}],"replies":[{"embeddable":true,"href":"https:\/\/www.sinoglass.com\/fr\/wp-json\/wp\/v2\/comments?post=8912"}],"wp:featuredmedia":[{"embeddable":true,"href":"https:\/\/www.sinoglass.com\/fr\/wp-json\/wp\/v2\/media\/8914"}],"wp:attachment":[{"href":"https:\/\/www.sinoglass.com\/fr\/wp-json\/wp\/v2\/media?parent=8912"}],"wp:term":[{"taxonomy":"product_brand","embeddable":true,"href":"https:\/\/www.sinoglass.com\/fr\/wp-json\/wp\/v2\/product_brand?post=8912"},{"taxonomy":"product_cat","embeddable":true,"href":"https:\/\/www.sinoglass.com\/fr\/wp-json\/wp\/v2\/product_cat?post=8912"},{"taxonomy":"product_tag","embeddable":true,"href":"https:\/\/www.sinoglass.com\/fr\/wp-json\/wp\/v2\/product_tag?post=8912"}],"curies":[{"name":"WP","href":"https:\/\/api.w.org\/{rel}","templated":true}]}}