{"id":8274,"date":"2025-04-21T17:18:37","date_gmt":"2025-04-21T09:18:37","guid":{"rendered":"https:\/\/www.sinoglass.com\/?post_type=product&#038;p=8274"},"modified":"2026-04-16T15:33:53","modified_gmt":"2026-04-16T07:33:53","slug":"glass-drinking-bottle","status":"publish","type":"product","link":"https:\/\/www.sinoglass.com\/fr\/product\/glass-drinking-bottle\/","title":{"rendered":"Bouteille d'hydratation en verre \u00e9cologique &#8211;  S\/S Lid #69824003"},"content":{"rendered":"<p>Une exp\u00e9rience d\u2019hydratation \u00e9l\u00e9gante devrait \u00e9galement \u00eatre durable. La bouteille qui a inspir\u00e9 l\u2019ECO. La s\u00e9rie LIFE est encastr\u00e9e en silicone doux pour la s\u00e9curit\u00e9 et le confort. Rev\u00eatu d'acier inoxydable, rien n'est gaspill\u00e9 dans cette bouteille en verre borosilicate simple et \u00e9l\u00e9gante. Un cordon de transport r\u00e9glable est un compl\u00e9ment \u00e9l\u00e9gant. \u00c9tuiez votre soif et tr\u00e9sor terre&#8217; ressources avec nos bouteilles INSPIRE.<\/p>","protected":false},"excerpt":{"rendered":"<ul>\n<li>Verre de borosilicate respectueux de la terre.<\/li>\n<li>Manche en silicone s\u00fbre et douce.<\/li>\n<li>Couverture en acier inoxydable.<\/li>\n<li>Cordon de transport r\u00e9glable.<\/li>\n<li>de l'ECO. S\u00e9rie LIFE.<\/li>\n<\/ul>","protected":false},"featured_media":8282,"comment_status":"open","ping_status":"closed","template":"","meta":{"_acf_changed":false},"product_brand":[],"product_cat":[218,90,92],"product_tag":[],"class_list":{"0":"post-8274","1":"product","2":"type-product","3":"status-publish","4":"has-post-thumbnail","6":"product_cat-eco-friendly","7":"product_cat-glass-bottle","8":"product_cat-water-bottles","10":"first","11":"instock","12":"shipping-taxable","13":"purchasable","14":"product-type-variable"},"acf":[],"_links":{"self":[{"href":"https:\/\/www.sinoglass.com\/fr\/wp-json\/wp\/v2\/product\/8274","targetHints":{"allow":["GET"]}}],"collection":[{"href":"https:\/\/www.sinoglass.com\/fr\/wp-json\/wp\/v2\/product"}],"about":[{"href":"https:\/\/www.sinoglass.com\/fr\/wp-json\/wp\/v2\/types\/product"}],"replies":[{"embeddable":true,"href":"https:\/\/www.sinoglass.com\/fr\/wp-json\/wp\/v2\/comments?post=8274"}],"wp:featuredmedia":[{"embeddable":true,"href":"https:\/\/www.sinoglass.com\/fr\/wp-json\/wp\/v2\/media\/8282"}],"wp:attachment":[{"href":"https:\/\/www.sinoglass.com\/fr\/wp-json\/wp\/v2\/media?parent=8274"}],"wp:term":[{"taxonomy":"product_brand","embeddable":true,"href":"https:\/\/www.sinoglass.com\/fr\/wp-json\/wp\/v2\/product_brand?post=8274"},{"taxonomy":"product_cat","embeddable":true,"href":"https:\/\/www.sinoglass.com\/fr\/wp-json\/wp\/v2\/product_cat?post=8274"},{"taxonomy":"product_tag","embeddable":true,"href":"https:\/\/www.sinoglass.com\/fr\/wp-json\/wp\/v2\/product_tag?post=8274"}],"curies":[{"name":"WP","href":"https:\/\/api.w.org\/{rel}","templated":true}]}}