{"id":8264,"date":"2025-04-21T17:09:00","date_gmt":"2025-04-21T09:09:00","guid":{"rendered":"https:\/\/www.sinoglass.com\/?post_type=product&#038;p=8264"},"modified":"2025-10-21T13:40:44","modified_gmt":"2025-10-21T05:40:44","slug":"sports-water-bottle-with-handle","status":"publish","type":"product","link":"https:\/\/www.sinoglass.com\/fr\/product\/sports-water-bottle-with-handle\/","title":{"rendered":"Bouteille d'eau de sport en paille pliable avec poign\u00e9e #66362001"},"content":{"rendered":"<p>Au milieu d'un \u00e9v\u00e9nement ou d'une activit\u00e9, vous voulez un soulagement rapide de la soif. Le sport est la r\u00e9ponse. Un retour rapide expose la paille interne. Prenez un long verre, puis pliez-le. C'est fait ! Faites le suivi de votre hydratation avec les mesures de volume imprim\u00e9es sur la bouteille. Choisissez parmi trois couleurs et quatre tailles pour accompagner tous vos \u00e9v\u00e9nements sportifs avec le SPEEDSTER SPORT l\u00e9ger et sans BPA.<\/p>","protected":false},"excerpt":{"rendered":"<ul style=\"list-style-type: disc;\">\n<li>Paille pliable pour un acc\u00e8s rapide.<\/li>\n<li>Poign\u00e9e flexible et facile \u00e0 transporter.<\/li>\n<li>Mesures de volume imprim\u00e9es sur la bouteille.<\/li>\n<li>PCTG l\u00e9ger et durable sans BPA.<\/li>\n<li>Disponible en quatre tailles et trois couleurs.<\/li>\n<\/ul>","protected":false},"featured_media":8273,"comment_status":"open","ping_status":"closed","template":"","meta":{"_acf_changed":false},"product_brand":[],"product_cat":[74,92],"product_tag":[],"class_list":{"0":"post-8264","1":"product","2":"type-product","3":"status-publish","4":"has-post-thumbnail","6":"product_cat-tritan-plastic-bottle","7":"product_cat-water-bottles","9":"first","10":"instock","11":"shipping-taxable","12":"purchasable","13":"product-type-variable"},"acf":[],"_links":{"self":[{"href":"https:\/\/www.sinoglass.com\/fr\/wp-json\/wp\/v2\/product\/8264","targetHints":{"allow":["GET"]}}],"collection":[{"href":"https:\/\/www.sinoglass.com\/fr\/wp-json\/wp\/v2\/product"}],"about":[{"href":"https:\/\/www.sinoglass.com\/fr\/wp-json\/wp\/v2\/types\/product"}],"replies":[{"embeddable":true,"href":"https:\/\/www.sinoglass.com\/fr\/wp-json\/wp\/v2\/comments?post=8264"}],"wp:featuredmedia":[{"embeddable":true,"href":"https:\/\/www.sinoglass.com\/fr\/wp-json\/wp\/v2\/media\/8273"}],"wp:attachment":[{"href":"https:\/\/www.sinoglass.com\/fr\/wp-json\/wp\/v2\/media?parent=8264"}],"wp:term":[{"taxonomy":"product_brand","embeddable":true,"href":"https:\/\/www.sinoglass.com\/fr\/wp-json\/wp\/v2\/product_brand?post=8264"},{"taxonomy":"product_cat","embeddable":true,"href":"https:\/\/www.sinoglass.com\/fr\/wp-json\/wp\/v2\/product_cat?post=8264"},{"taxonomy":"product_tag","embeddable":true,"href":"https:\/\/www.sinoglass.com\/fr\/wp-json\/wp\/v2\/product_tag?post=8264"}],"curies":[{"name":"WP","href":"https:\/\/api.w.org\/{rel}","templated":true}]}}