{"id":8253,"date":"2025-04-21T16:58:48","date_gmt":"2025-04-21T08:58:48","guid":{"rendered":"https:\/\/www.sinoglass.com\/?post_type=product&#038;p=8253"},"modified":"2026-04-16T15:35:20","modified_gmt":"2026-04-16T07:35:20","slug":"straw-insulated-water-bottle","status":"publish","type":"product","link":"https:\/\/www.sinoglass.com\/fr\/product\/straw-insulated-water-bottle\/","title":{"rendered":"Bouteille d'eau isol\u00e9e en paille pliable avec poign\u00e9e #66352001"},"content":{"rendered":"<p>Soif ? Renversez la paille &#8230; Prenez un verre &#8230; plier la paille.  It&#8217; s rapide, il&#8217; s facile, et la poign\u00e9e confortable vous permet de porter cette commodit\u00e9 toute la journ\u00e9e. L'acier inoxydable \u00e0 double paroi maintient la temp\u00e9rature o\u00f9 vous le voulez. Vous pouvez choisir parmi trois couleurs et cinq tailles, donc il&#8217; s un SPEEDSTER pour chaque occasion.<\/p>","protected":false},"excerpt":{"rendered":"<ul style=\"list-style-type: disc;\">\n<li>Paille pliable pour un acc\u00e8s rapide.<\/li>\n<li>Poign\u00e9e flexible et facile \u00e0 transporter.<\/li>\n<li>Bo\u00eetier en acier inoxydable \u00e0 double paroi pour le contr\u00f4le de la temp\u00e9rature.<\/li>\n<li>Disponible en cinq tailles et trois couleurs.<\/li>\n<\/ul>","protected":false},"featured_media":8260,"comment_status":"open","ping_status":"closed","template":"","meta":{"_acf_changed":false},"product_brand":[],"product_cat":[73,92],"product_tag":[],"class_list":{"0":"post-8253","1":"product","2":"type-product","3":"status-publish","4":"has-post-thumbnail","6":"product_cat-insulated-bottle","7":"product_cat-water-bottles","9":"first","10":"instock","11":"shipping-taxable","12":"purchasable","13":"product-type-variable"},"acf":[],"_links":{"self":[{"href":"https:\/\/www.sinoglass.com\/fr\/wp-json\/wp\/v2\/product\/8253","targetHints":{"allow":["GET"]}}],"collection":[{"href":"https:\/\/www.sinoglass.com\/fr\/wp-json\/wp\/v2\/product"}],"about":[{"href":"https:\/\/www.sinoglass.com\/fr\/wp-json\/wp\/v2\/types\/product"}],"replies":[{"embeddable":true,"href":"https:\/\/www.sinoglass.com\/fr\/wp-json\/wp\/v2\/comments?post=8253"}],"wp:featuredmedia":[{"embeddable":true,"href":"https:\/\/www.sinoglass.com\/fr\/wp-json\/wp\/v2\/media\/8260"}],"wp:attachment":[{"href":"https:\/\/www.sinoglass.com\/fr\/wp-json\/wp\/v2\/media?parent=8253"}],"wp:term":[{"taxonomy":"product_brand","embeddable":true,"href":"https:\/\/www.sinoglass.com\/fr\/wp-json\/wp\/v2\/product_brand?post=8253"},{"taxonomy":"product_cat","embeddable":true,"href":"https:\/\/www.sinoglass.com\/fr\/wp-json\/wp\/v2\/product_cat?post=8253"},{"taxonomy":"product_tag","embeddable":true,"href":"https:\/\/www.sinoglass.com\/fr\/wp-json\/wp\/v2\/product_tag?post=8253"}],"curies":[{"name":"WP","href":"https:\/\/api.w.org\/{rel}","templated":true}]}}