{"id":8238,"date":"2025-04-21T16:42:02","date_gmt":"2025-04-21T08:42:02","guid":{"rendered":"https:\/\/www.sinoglass.com\/?post_type=product&#038;p=8238"},"modified":"2026-04-16T15:34:25","modified_gmt":"2026-04-16T07:34:25","slug":"tumbler-insulated-with-straw","status":"publish","type":"product","link":"https:\/\/www.sinoglass.com\/fr\/product\/tumbler-insulated-with-straw\/","title":{"rendered":"S\u00e9choir isol\u00e9 avec paille et double sip #69912021"},"content":{"rendered":"<p>DOUBLE SIP vous offre deux choix d'hydratation. Pour une boisson chaude ou froide, ouvrez un c\u00f4t\u00e9 pour boire \u00e0 partir d'un bec g\u00e9n\u00e9reux. Pour une boisson fra\u00eeche ou froide, retournez l'autre c\u00f4t\u00e9 pour siroter d'une paille compl\u00e8tement dissimul\u00e9e et int\u00e9gr\u00e9e. S\u00e9paration de vos choix est une zone avec deux options: une texture \u00e9l\u00e9gante ondulation d'eau, ou une zone plate pour votre propre logo personnalis\u00e9. Les deux options ajouteront une touche de classe \u00e0 votre linge.<\/p>","protected":false},"excerpt":{"rendered":"<ul>\n<li>Deux options d'hydratation.<\/li>\n<li>Boucle g\u00e9n\u00e9reux d'un c\u00f4t\u00e9.<\/li>\n<li>Paille int\u00e9gr\u00e9e et cach\u00e9e de l'autre c\u00f4t\u00e9.<\/li>\n<li>Acier inoxydable thermique.<\/li>\n<li>La zone sup\u00e9rieure peut \u00eatre personnalis\u00e9e avec votre logo.<\/li>\n<\/ul>","protected":false},"featured_media":8251,"comment_status":"open","ping_status":"closed","template":"","meta":{"_acf_changed":false},"product_brand":[],"product_cat":[128,75],"product_tag":[],"class_list":{"0":"post-8238","1":"product","2":"type-product","3":"status-publish","4":"has-post-thumbnail","6":"product_cat-insulated-mug","7":"product_cat-tumblers-mugs","9":"first","10":"instock","11":"shipping-taxable","12":"purchasable","13":"product-type-variable"},"acf":[],"_links":{"self":[{"href":"https:\/\/www.sinoglass.com\/fr\/wp-json\/wp\/v2\/product\/8238","targetHints":{"allow":["GET"]}}],"collection":[{"href":"https:\/\/www.sinoglass.com\/fr\/wp-json\/wp\/v2\/product"}],"about":[{"href":"https:\/\/www.sinoglass.com\/fr\/wp-json\/wp\/v2\/types\/product"}],"replies":[{"embeddable":true,"href":"https:\/\/www.sinoglass.com\/fr\/wp-json\/wp\/v2\/comments?post=8238"}],"wp:featuredmedia":[{"embeddable":true,"href":"https:\/\/www.sinoglass.com\/fr\/wp-json\/wp\/v2\/media\/8251"}],"wp:attachment":[{"href":"https:\/\/www.sinoglass.com\/fr\/wp-json\/wp\/v2\/media?parent=8238"}],"wp:term":[{"taxonomy":"product_brand","embeddable":true,"href":"https:\/\/www.sinoglass.com\/fr\/wp-json\/wp\/v2\/product_brand?post=8238"},{"taxonomy":"product_cat","embeddable":true,"href":"https:\/\/www.sinoglass.com\/fr\/wp-json\/wp\/v2\/product_cat?post=8238"},{"taxonomy":"product_tag","embeddable":true,"href":"https:\/\/www.sinoglass.com\/fr\/wp-json\/wp\/v2\/product_tag?post=8238"}],"curies":[{"name":"WP","href":"https:\/\/api.w.org\/{rel}","templated":true}]}}