{"id":8174,"date":"2025-04-21T13:06:01","date_gmt":"2025-04-21T05:06:01","guid":{"rendered":"https:\/\/www.sinoglass.com\/?post_type=product&#038;p=8174"},"modified":"2025-10-21T13:38:47","modified_gmt":"2025-10-21T05:38:47","slug":"vacuum-insulated-tumbler","status":"publish","type":"product","link":"https:\/\/www.sinoglass.com\/fr\/product\/vacuum-insulated-tumbler\/","title":{"rendered":"40 oz vase isol\u00e9 sous vide &#8211; Double couvercle et poign\u00e9e #68272001"},"content":{"rendered":"<p>Le BIG GRIP SLIMLINE dispose du couvercle TWIST \u00e0 succ\u00e8s avec un nouveau style de carrosserie attrayant. Retournez le bouchon pour activer l'extension secr\u00e8te en silicone qui met en position la paille cach\u00e9e. Placez le capuchon sur l'onglet magn\u00e9tique et il reste juste o\u00f9 il devrait. Quand vous&#8217; refait, poussez la paille et remplacez le bouchon. De l'humeur pour une gorg\u00e9e ? Renversez l'onglet pour une boisson rafra\u00eechissante. Deux choix, avec un twist !<\/p>","protected":false},"excerpt":{"rendered":"<ul>\n<li>Grippe grande et confortable.<\/li>\n<li>Paille r\u00e9tractable avec bouchon \u00e0 torsion.<\/li>\n<li>\u00c9tiquette magn\u00e9tique pour bouchon de maintien.<\/li>\n<li>Trois couleurs disponibles.<\/li>\n<li>Body \u00e9l\u00e9gant SLIMLINE.<\/li>\n<\/ul>","protected":false},"featured_media":8184,"comment_status":"open","ping_status":"closed","template":"","meta":{"_acf_changed":false},"product_brand":[],"product_cat":[128,75],"product_tag":[],"class_list":{"0":"post-8174","1":"product","2":"type-product","3":"status-publish","4":"has-post-thumbnail","6":"product_cat-insulated-mug","7":"product_cat-tumblers-mugs","9":"first","10":"instock","11":"shipping-taxable","12":"purchasable","13":"product-type-variable"},"acf":[],"_links":{"self":[{"href":"https:\/\/www.sinoglass.com\/fr\/wp-json\/wp\/v2\/product\/8174","targetHints":{"allow":["GET"]}}],"collection":[{"href":"https:\/\/www.sinoglass.com\/fr\/wp-json\/wp\/v2\/product"}],"about":[{"href":"https:\/\/www.sinoglass.com\/fr\/wp-json\/wp\/v2\/types\/product"}],"replies":[{"embeddable":true,"href":"https:\/\/www.sinoglass.com\/fr\/wp-json\/wp\/v2\/comments?post=8174"}],"wp:featuredmedia":[{"embeddable":true,"href":"https:\/\/www.sinoglass.com\/fr\/wp-json\/wp\/v2\/media\/8184"}],"wp:attachment":[{"href":"https:\/\/www.sinoglass.com\/fr\/wp-json\/wp\/v2\/media?parent=8174"}],"wp:term":[{"taxonomy":"product_brand","embeddable":true,"href":"https:\/\/www.sinoglass.com\/fr\/wp-json\/wp\/v2\/product_brand?post=8174"},{"taxonomy":"product_cat","embeddable":true,"href":"https:\/\/www.sinoglass.com\/fr\/wp-json\/wp\/v2\/product_cat?post=8174"},{"taxonomy":"product_tag","embeddable":true,"href":"https:\/\/www.sinoglass.com\/fr\/wp-json\/wp\/v2\/product_tag?post=8174"}],"curies":[{"name":"WP","href":"https:\/\/api.w.org\/{rel}","templated":true}]}}