{"id":8163,"date":"2025-04-21T11:38:11","date_gmt":"2025-04-21T03:38:11","guid":{"rendered":"https:\/\/www.sinoglass.com\/?post_type=product&#038;p=8163"},"modified":"2025-04-21T11:49:24","modified_gmt":"2025-04-21T03:49:24","slug":"thermal-tumbler","status":"publish","type":"product","link":"https:\/\/www.sinoglass.com\/fr\/product\/thermal-tumbler\/","title":{"rendered":"Couverture thermique \u00e0 double couvercle &#8211; Rev\u00eatement int\u00e9rieur en c\u00e9ramique #66956003"},"content":{"rendered":"<p>La simplicit\u00e9 a quelques t\u00e2ches simples. La premi\u00e8re est de vous donner deux fa\u00e7ons de profiter de votre boisson chaude ou froide. Vous pouvez ins\u00e9rer la paille incluse dans l'ouverture centrale, ou vous pouvez sceller le centre et retourner l'onglet pour utiliser le bec. La seconde t\u00e2che est de garder votre boisson \u00e0 la bonne temp\u00e9rature. Le troisi\u00e8me travail est une innovation \u2013 un rev\u00eatement en c\u00e9ramique \u00e0 l\u2019int\u00e9rieur du verre conserve la saveur de votre boisson pr\u00e9f\u00e9r\u00e9e. Choisissez parmi trois couleurs et deux tailles et profitez de la SIMPLIT\u00c9 des t\u00e2ches bien faites.<\/p>","protected":false},"excerpt":{"rendered":"<ul>\n<li>Vase thermique \u00e0 double couvercle.<\/li>\n<li>Rev\u00eatement int\u00e9rieur en c\u00e9ramique pour pr\u00e9server la saveur.<\/li>\n<li>Deux tailles et trois couleurs disponibles.<\/li>\n<\/ul>","protected":false},"featured_media":8172,"comment_status":"open","ping_status":"closed","template":"","meta":{"_acf_changed":false},"product_brand":[],"product_cat":[128,75],"product_tag":[],"class_list":{"0":"post-8163","1":"product","2":"type-product","3":"status-publish","4":"has-post-thumbnail","6":"product_cat-insulated-mug","7":"product_cat-tumblers-mugs","9":"first","10":"instock","11":"shipping-taxable","12":"purchasable","13":"product-type-variable"},"acf":[],"_links":{"self":[{"href":"https:\/\/www.sinoglass.com\/fr\/wp-json\/wp\/v2\/product\/8163","targetHints":{"allow":["GET"]}}],"collection":[{"href":"https:\/\/www.sinoglass.com\/fr\/wp-json\/wp\/v2\/product"}],"about":[{"href":"https:\/\/www.sinoglass.com\/fr\/wp-json\/wp\/v2\/types\/product"}],"replies":[{"embeddable":true,"href":"https:\/\/www.sinoglass.com\/fr\/wp-json\/wp\/v2\/comments?post=8163"}],"wp:featuredmedia":[{"embeddable":true,"href":"https:\/\/www.sinoglass.com\/fr\/wp-json\/wp\/v2\/media\/8172"}],"wp:attachment":[{"href":"https:\/\/www.sinoglass.com\/fr\/wp-json\/wp\/v2\/media?parent=8163"}],"wp:term":[{"taxonomy":"product_brand","embeddable":true,"href":"https:\/\/www.sinoglass.com\/fr\/wp-json\/wp\/v2\/product_brand?post=8163"},{"taxonomy":"product_cat","embeddable":true,"href":"https:\/\/www.sinoglass.com\/fr\/wp-json\/wp\/v2\/product_cat?post=8163"},{"taxonomy":"product_tag","embeddable":true,"href":"https:\/\/www.sinoglass.com\/fr\/wp-json\/wp\/v2\/product_tag?post=8163"}],"curies":[{"name":"WP","href":"https:\/\/api.w.org\/{rel}","templated":true}]}}