{"id":8152,"date":"2025-04-21T11:22:39","date_gmt":"2025-04-21T03:22:39","guid":{"rendered":"https:\/\/www.sinoglass.com\/?post_type=product&#038;p=8152"},"modified":"2026-04-16T15:38:21","modified_gmt":"2026-04-16T07:38:21","slug":"food-container-with-clip-lid","status":"publish","type":"product","link":"https:\/\/www.sinoglass.com\/fr\/product\/food-container-with-clip-lid\/","title":{"rendered":"Conteneur alimentaire en acier inoxydable avec couvercle \u00e0 pince #9949A001"},"content":{"rendered":"<p>L'acier inoxydable est une excellente option pour le stockage des aliments.  It&#8217; s robuste, l\u00e9ger et prot\u00e8ge la saveur. De plus, il a gagn\u00e9&#8217; Le CLIPPER est encore mieux fait avec un joint en silicone int\u00e9gr\u00e9 dans le couvercle, et deux pinces s\u00e9curis\u00e9es pour le maintenir serr\u00e9. Tout va bien avec CLIPPER - l\u00e9ger, robuste, r\u00e9sistant aux fuites et bon pour garder les saveurs inalt\u00e9r\u00e9es.<\/p>","protected":false},"excerpt":{"rendered":"<ul>\n<li>Stockage alimentaire en acier inoxydable l\u00e9ger.<\/li>\n<li>Le syst\u00e8me de clip s\u00e9curis\u00e9 maintient le couvercle en place.<\/li>\n<li>Silicone scell\u00e9 et r\u00e9sistant aux fuites.<\/li>\n<\/ul>","protected":false},"featured_media":8156,"comment_status":"open","ping_status":"closed","template":"","meta":{"_acf_changed":false},"product_brand":[],"product_cat":[218,103,68],"product_tag":[],"class_list":{"0":"post-8152","1":"product","2":"type-product","3":"status-publish","4":"has-post-thumbnail","6":"product_cat-eco-friendly","7":"product_cat-lunch-box","8":"product_cat-storage-jars","10":"first","11":"instock","12":"shipping-taxable","13":"purchasable","14":"product-type-variable"},"acf":[],"_links":{"self":[{"href":"https:\/\/www.sinoglass.com\/fr\/wp-json\/wp\/v2\/product\/8152","targetHints":{"allow":["GET"]}}],"collection":[{"href":"https:\/\/www.sinoglass.com\/fr\/wp-json\/wp\/v2\/product"}],"about":[{"href":"https:\/\/www.sinoglass.com\/fr\/wp-json\/wp\/v2\/types\/product"}],"replies":[{"embeddable":true,"href":"https:\/\/www.sinoglass.com\/fr\/wp-json\/wp\/v2\/comments?post=8152"}],"wp:featuredmedia":[{"embeddable":true,"href":"https:\/\/www.sinoglass.com\/fr\/wp-json\/wp\/v2\/media\/8156"}],"wp:attachment":[{"href":"https:\/\/www.sinoglass.com\/fr\/wp-json\/wp\/v2\/media?parent=8152"}],"wp:term":[{"taxonomy":"product_brand","embeddable":true,"href":"https:\/\/www.sinoglass.com\/fr\/wp-json\/wp\/v2\/product_brand?post=8152"},{"taxonomy":"product_cat","embeddable":true,"href":"https:\/\/www.sinoglass.com\/fr\/wp-json\/wp\/v2\/product_cat?post=8152"},{"taxonomy":"product_tag","embeddable":true,"href":"https:\/\/www.sinoglass.com\/fr\/wp-json\/wp\/v2\/product_tag?post=8152"}],"curies":[{"name":"WP","href":"https:\/\/api.w.org\/{rel}","templated":true}]}}