{"id":8131,"date":"2025-04-21T10:53:58","date_gmt":"2025-04-21T02:53:58","guid":{"rendered":"https:\/\/www.sinoglass.com\/?post_type=product&#038;p=8131"},"modified":"2026-04-16T15:38:14","modified_gmt":"2026-04-16T07:38:14","slug":"stainless-steel-food-container","status":"publish","type":"product","link":"https:\/\/www.sinoglass.com\/fr\/product\/stainless-steel-food-container\/","title":{"rendered":"Conteneur alimentaire en acier inoxydable avec couvercle en bambou #99489001"},"content":{"rendered":"<p>L'acier inoxydable l\u00e9ger et s\u00fbr est le choix id\u00e9al pour un d\u00e9jeuner de bureau ou un pique-nique. Et un couvercle en bambou est la bonne d\u00e9cision de style. Le couvercle n'est pas seulement scell\u00e9 avec du silicone, il est \u00e9galement s\u00e9curis\u00e9 avec des pinces robustes qui s'accrochent en place, prot\u00e9geant le contenu des d\u00e9versements. Profitez de votre d\u00e9jeuner riche et mettez votre bon go\u00fbt en affiche.<\/p>","protected":false},"excerpt":{"rendered":"<ul>\n<li>Stockage portable en acier inoxydable l\u00e9ger.<\/li>\n<li>Couverture en bambou \u00e9l\u00e9gante et s\u00e9curis\u00e9e.<\/li>\n<li>Silicone scell\u00e9 et r\u00e9sistant aux fuites.<\/li>\n<\/ul>","protected":false},"featured_media":8145,"comment_status":"open","ping_status":"closed","template":"","meta":{"_acf_changed":false},"product_brand":[],"product_cat":[218,103,68],"product_tag":[],"class_list":{"0":"post-8131","1":"product","2":"type-product","3":"status-publish","4":"has-post-thumbnail","6":"product_cat-eco-friendly","7":"product_cat-lunch-box","8":"product_cat-storage-jars","10":"first","11":"instock","12":"shipping-taxable","13":"purchasable","14":"product-type-variable"},"acf":[],"_links":{"self":[{"href":"https:\/\/www.sinoglass.com\/fr\/wp-json\/wp\/v2\/product\/8131","targetHints":{"allow":["GET"]}}],"collection":[{"href":"https:\/\/www.sinoglass.com\/fr\/wp-json\/wp\/v2\/product"}],"about":[{"href":"https:\/\/www.sinoglass.com\/fr\/wp-json\/wp\/v2\/types\/product"}],"replies":[{"embeddable":true,"href":"https:\/\/www.sinoglass.com\/fr\/wp-json\/wp\/v2\/comments?post=8131"}],"wp:featuredmedia":[{"embeddable":true,"href":"https:\/\/www.sinoglass.com\/fr\/wp-json\/wp\/v2\/media\/8145"}],"wp:attachment":[{"href":"https:\/\/www.sinoglass.com\/fr\/wp-json\/wp\/v2\/media?parent=8131"}],"wp:term":[{"taxonomy":"product_brand","embeddable":true,"href":"https:\/\/www.sinoglass.com\/fr\/wp-json\/wp\/v2\/product_brand?post=8131"},{"taxonomy":"product_cat","embeddable":true,"href":"https:\/\/www.sinoglass.com\/fr\/wp-json\/wp\/v2\/product_cat?post=8131"},{"taxonomy":"product_tag","embeddable":true,"href":"https:\/\/www.sinoglass.com\/fr\/wp-json\/wp\/v2\/product_tag?post=8131"}],"curies":[{"name":"WP","href":"https:\/\/api.w.org\/{rel}","templated":true}]}}