{"id":8123,"date":"2025-04-21T10:33:41","date_gmt":"2025-04-21T02:33:41","guid":{"rendered":"https:\/\/www.sinoglass.com\/?post_type=product&#038;p=8123"},"modified":"2026-04-16T15:38:26","modified_gmt":"2026-04-16T07:38:26","slug":"stainless-steel-lunch-containers","status":"publish","type":"product","link":"https:\/\/www.sinoglass.com\/fr\/product\/stainless-steel-lunch-containers\/","title":{"rendered":"Conteneurs pour le d\u00e9jeuner en acier inoxydable Coffre-fort \u00e0 micro-ondes #99504001"},"content":{"rendered":"<p>Enfin, un plat portable en acier inoxydable qui peut \u00eatre utilis\u00e9 en toute s\u00e9curit\u00e9 dans un four \u00e0 micro-ondes. Le verre est lourd et le plastique n'est pas id\u00e9al pour les micro-ondes. SAFE\u2022LUNCH est l\u00e9ger et s\u00fbr, et maintenant vous pouvez sans crainte r\u00e9chauffer le bon repas que vous avez eu hier soir. La vaisselle portable a un couvercle en silicone qui garde la nourriture fra\u00eeche. Lorsque vous le mettez dans le four micro-ondes, il suffit de soulever le couvercle et de le placer \u00e0 un l\u00e9ger angle. Vos amis seront surpris, alors ils en voudront un aussi. Le plus petit conteneur s'adapte \u00e0 l'int\u00e9rieur du grand pour un stockage pratique et \u00e9conomisant de l'espace.<\/p>","protected":false},"excerpt":{"rendered":"<ul>\n<li>Stockage portable MICROWAVE SAFE.<\/li>\n<li>L\u00e9ger et \u00e0 l'\u00e9preuve.<\/li>\n<li>Le couvercle en silicone se ferme en toute s\u00e9curit\u00e9.<\/li>\n<li>Con\u00e7u pour \u00e9conomiser de l'espace lorsqu'il n'est pas utilis\u00e9.<\/li>\n<\/ul>","protected":false},"featured_media":8129,"comment_status":"open","ping_status":"closed","template":"","meta":{"_acf_changed":false},"product_brand":[],"product_cat":[218,103,68],"product_tag":[],"class_list":{"0":"post-8123","1":"product","2":"type-product","3":"status-publish","4":"has-post-thumbnail","6":"product_cat-eco-friendly","7":"product_cat-lunch-box","8":"product_cat-storage-jars","10":"first","11":"instock","12":"shipping-taxable","13":"product-type-variable"},"acf":[],"_links":{"self":[{"href":"https:\/\/www.sinoglass.com\/fr\/wp-json\/wp\/v2\/product\/8123","targetHints":{"allow":["GET"]}}],"collection":[{"href":"https:\/\/www.sinoglass.com\/fr\/wp-json\/wp\/v2\/product"}],"about":[{"href":"https:\/\/www.sinoglass.com\/fr\/wp-json\/wp\/v2\/types\/product"}],"replies":[{"embeddable":true,"href":"https:\/\/www.sinoglass.com\/fr\/wp-json\/wp\/v2\/comments?post=8123"}],"wp:featuredmedia":[{"embeddable":true,"href":"https:\/\/www.sinoglass.com\/fr\/wp-json\/wp\/v2\/media\/8129"}],"wp:attachment":[{"href":"https:\/\/www.sinoglass.com\/fr\/wp-json\/wp\/v2\/media?parent=8123"}],"wp:term":[{"taxonomy":"product_brand","embeddable":true,"href":"https:\/\/www.sinoglass.com\/fr\/wp-json\/wp\/v2\/product_brand?post=8123"},{"taxonomy":"product_cat","embeddable":true,"href":"https:\/\/www.sinoglass.com\/fr\/wp-json\/wp\/v2\/product_cat?post=8123"},{"taxonomy":"product_tag","embeddable":true,"href":"https:\/\/www.sinoglass.com\/fr\/wp-json\/wp\/v2\/product_tag?post=8123"}],"curies":[{"name":"WP","href":"https:\/\/api.w.org\/{rel}","templated":true}]}}