{"id":8114,"date":"2025-04-21T09:59:27","date_gmt":"2025-04-21T01:59:27","guid":{"rendered":"https:\/\/www.sinoglass.com\/?post_type=product&#038;p=8114"},"modified":"2026-04-16T15:36:10","modified_gmt":"2026-04-16T07:36:10","slug":"stainless-steel-food-storage","status":"publish","type":"product","link":"https:\/\/www.sinoglass.com\/fr\/product\/stainless-steel-food-storage\/","title":{"rendered":"Bo\u00eetier \u00e0 micro-ondes en acier inoxydable #99474001"},"content":{"rendered":"<p>Oui, c&#8217; s true \u2014 cette assiette de stockage en acier inoxydable est s\u00fbre au micro-ondes. Beaucoup de gens ne&#8217; t aime les aliments \u00e0 micro-ondes dans le plastique en raison des effets possibles sur la sant\u00e9. Le verre peut \u00eatre lourd et se briser. MICRO\u2022SAFE offre la s\u00e9curit\u00e9 alimentaire, la pr\u00e9servation des ar\u00f4mes et le poids l\u00e9ger de l'acier inoxydable et la commodit\u00e9 de stockage micro-ondes. Le couvercle en verre tremp\u00e9 est fermement scell\u00e9 avec de la silicone pour garder les aliments frais. Levez l'onglet, appuyez sur le couvercle en place, puis scellez l'onglet. Cette conception innovante r\u00e9volutionnera la fa\u00e7on dont vous stockez et chauffez vos aliments.<\/p>","protected":false},"excerpt":{"rendered":"<ul>\n<li>Nouveau stockage MICROWAVE SAFE en acier inoxydable.<\/li>\n<li>Couverture en verre tremp\u00e9 scell\u00e9e avec silicone.<\/li>\n<li>onglet de vanne d'\u00e9tanch\u00e9it\u00e9, levage \u00e0 la chaleur.<\/li>\n<li>Con\u00e7u pour \u00e9conomiser de l'espace lorsqu'il n'est pas utilis\u00e9.<\/li>\n<\/ul>","protected":false},"featured_media":8120,"comment_status":"open","ping_status":"closed","template":"","meta":{"_acf_changed":false},"product_brand":[],"product_cat":[218,103,68],"product_tag":[],"class_list":{"0":"post-8114","1":"product","2":"type-product","3":"status-publish","4":"has-post-thumbnail","6":"product_cat-eco-friendly","7":"product_cat-lunch-box","8":"product_cat-storage-jars","10":"first","11":"instock","12":"shipping-taxable","13":"purchasable","14":"product-type-variable"},"acf":[],"_links":{"self":[{"href":"https:\/\/www.sinoglass.com\/fr\/wp-json\/wp\/v2\/product\/8114","targetHints":{"allow":["GET"]}}],"collection":[{"href":"https:\/\/www.sinoglass.com\/fr\/wp-json\/wp\/v2\/product"}],"about":[{"href":"https:\/\/www.sinoglass.com\/fr\/wp-json\/wp\/v2\/types\/product"}],"replies":[{"embeddable":true,"href":"https:\/\/www.sinoglass.com\/fr\/wp-json\/wp\/v2\/comments?post=8114"}],"wp:featuredmedia":[{"embeddable":true,"href":"https:\/\/www.sinoglass.com\/fr\/wp-json\/wp\/v2\/media\/8120"}],"wp:attachment":[{"href":"https:\/\/www.sinoglass.com\/fr\/wp-json\/wp\/v2\/media?parent=8114"}],"wp:term":[{"taxonomy":"product_brand","embeddable":true,"href":"https:\/\/www.sinoglass.com\/fr\/wp-json\/wp\/v2\/product_brand?post=8114"},{"taxonomy":"product_cat","embeddable":true,"href":"https:\/\/www.sinoglass.com\/fr\/wp-json\/wp\/v2\/product_cat?post=8114"},{"taxonomy":"product_tag","embeddable":true,"href":"https:\/\/www.sinoglass.com\/fr\/wp-json\/wp\/v2\/product_tag?post=8114"}],"curies":[{"name":"WP","href":"https:\/\/api.w.org\/{rel}","templated":true}]}}