{"id":8104,"date":"2025-04-21T09:33:56","date_gmt":"2025-04-21T01:33:56","guid":{"rendered":"https:\/\/www.sinoglass.com\/?post_type=product&#038;p=8104"},"modified":"2026-04-16T15:36:38","modified_gmt":"2026-04-16T07:36:38","slug":"kitchen-oil-bottles","status":"publish","type":"product","link":"https:\/\/www.sinoglass.com\/fr\/product\/kitchen-oil-bottles\/","title":{"rendered":"Bouteilles d'huile de cuisine en verre textur\u00e9 Couverture automatique #7949A001"},"content":{"rendered":"<p>Une belle base en bois d'acacia tient le set O\/V WHEATFIELD PILOT, soulignant le verre textur\u00e9 et le couvercle unique \u00e0 versement automatique. Seuls le bois et l'acier inoxydable sont utilis\u00e9s pour cr\u00e9er un ensemble O \/ V \u00e9l\u00e9gant pour votre cuisine et votre table.<\/p>","protected":false},"excerpt":{"rendered":"<ul>\n<li>Verre hygi\u00e9nique textur\u00e9 Wheatfield.<\/li>\n<li>Design classique avec base en bois d'acacia.<\/li>\n<li>Bo\u00eetier automatique en acier inoxydable.<\/li>\n<li>faisant partie de l'ECO. S\u00e9rie LIFE.<\/li>\n<\/ul>","protected":false},"featured_media":8110,"comment_status":"open","ping_status":"closed","template":"","meta":{"_acf_changed":false},"product_brand":[],"product_cat":[218,69,250],"product_tag":[],"class_list":{"0":"post-8104","1":"product","2":"type-product","3":"status-publish","4":"has-post-thumbnail","6":"product_cat-eco-friendly","7":"product_cat-oil-dispensers","8":"product_cat-oil-vinegar-dispenser","10":"first","11":"instock","12":"shipping-taxable","13":"purchasable","14":"product-type-variable"},"acf":[],"_links":{"self":[{"href":"https:\/\/www.sinoglass.com\/fr\/wp-json\/wp\/v2\/product\/8104","targetHints":{"allow":["GET"]}}],"collection":[{"href":"https:\/\/www.sinoglass.com\/fr\/wp-json\/wp\/v2\/product"}],"about":[{"href":"https:\/\/www.sinoglass.com\/fr\/wp-json\/wp\/v2\/types\/product"}],"replies":[{"embeddable":true,"href":"https:\/\/www.sinoglass.com\/fr\/wp-json\/wp\/v2\/comments?post=8104"}],"wp:featuredmedia":[{"embeddable":true,"href":"https:\/\/www.sinoglass.com\/fr\/wp-json\/wp\/v2\/media\/8110"}],"wp:attachment":[{"href":"https:\/\/www.sinoglass.com\/fr\/wp-json\/wp\/v2\/media?parent=8104"}],"wp:term":[{"taxonomy":"product_brand","embeddable":true,"href":"https:\/\/www.sinoglass.com\/fr\/wp-json\/wp\/v2\/product_brand?post=8104"},{"taxonomy":"product_cat","embeddable":true,"href":"https:\/\/www.sinoglass.com\/fr\/wp-json\/wp\/v2\/product_cat?post=8104"},{"taxonomy":"product_tag","embeddable":true,"href":"https:\/\/www.sinoglass.com\/fr\/wp-json\/wp\/v2\/product_tag?post=8104"}],"curies":[{"name":"WP","href":"https:\/\/api.w.org\/{rel}","templated":true}]}}