{"id":8094,"date":"2025-04-21T09:16:51","date_gmt":"2025-04-21T01:16:51","guid":{"rendered":"https:\/\/www.sinoglass.com\/?post_type=product&#038;p=8094"},"modified":"2026-04-16T15:30:47","modified_gmt":"2026-04-16T07:30:47","slug":"olive-oil-and-vinegar-dispenser-2","status":"publish","type":"product","link":"https:\/\/www.sinoglass.com\/fr\/product\/olive-oil-and-vinegar-dispenser-2\/","title":{"rendered":"Distributeur d'huile d'olive et de vinaigre en verre textur\u00e9 S \/ S Boit #7948A000"},"content":{"rendered":"<p>Le WHEATFIELD SLIM est un \u00e9l\u00e9gant set O\/V en verre textur\u00e9 qui est facile \u00e0 maintenir et parfait pour votre table. Aucun plastique n'est utilis\u00e9, seulement du verre hygi\u00e9nique et de l'acier inoxydable. Le bec JUST POUR rend le versement pratique et rapide.<\/p>","protected":false},"excerpt":{"rendered":"<ul>\n<li>Verre hygi\u00e9nique textur\u00e9 Wheatfield.<\/li>\n<li>Design mince et \u00e9l\u00e9gant.<\/li>\n<li>Acier inoxydable et JUST POUR.<\/li>\n<li>faisant partie de l'ECO. S\u00e9rie LIFE.<\/li>\n<\/ul>","protected":false},"featured_media":8103,"comment_status":"open","ping_status":"closed","template":"","meta":{"_acf_changed":false},"product_brand":[],"product_cat":[218,69,250],"product_tag":[],"class_list":{"0":"post-8094","1":"product","2":"type-product","3":"status-publish","4":"has-post-thumbnail","6":"product_cat-eco-friendly","7":"product_cat-oil-dispensers","8":"product_cat-oil-vinegar-dispenser","10":"first","11":"instock","12":"shipping-taxable","13":"purchasable","14":"product-type-variable"},"acf":[],"_links":{"self":[{"href":"https:\/\/www.sinoglass.com\/fr\/wp-json\/wp\/v2\/product\/8094","targetHints":{"allow":["GET"]}}],"collection":[{"href":"https:\/\/www.sinoglass.com\/fr\/wp-json\/wp\/v2\/product"}],"about":[{"href":"https:\/\/www.sinoglass.com\/fr\/wp-json\/wp\/v2\/types\/product"}],"replies":[{"embeddable":true,"href":"https:\/\/www.sinoglass.com\/fr\/wp-json\/wp\/v2\/comments?post=8094"}],"wp:featuredmedia":[{"embeddable":true,"href":"https:\/\/www.sinoglass.com\/fr\/wp-json\/wp\/v2\/media\/8103"}],"wp:attachment":[{"href":"https:\/\/www.sinoglass.com\/fr\/wp-json\/wp\/v2\/media?parent=8094"}],"wp:term":[{"taxonomy":"product_brand","embeddable":true,"href":"https:\/\/www.sinoglass.com\/fr\/wp-json\/wp\/v2\/product_brand?post=8094"},{"taxonomy":"product_cat","embeddable":true,"href":"https:\/\/www.sinoglass.com\/fr\/wp-json\/wp\/v2\/product_cat?post=8094"},{"taxonomy":"product_tag","embeddable":true,"href":"https:\/\/www.sinoglass.com\/fr\/wp-json\/wp\/v2\/product_tag?post=8094"}],"curies":[{"name":"WP","href":"https:\/\/api.w.org\/{rel}","templated":true}]}}