{"id":8083,"date":"2025-04-18T16:39:22","date_gmt":"2025-04-18T08:39:22","guid":{"rendered":"https:\/\/www.sinoglass.com\/?post_type=product&#038;p=8083"},"modified":"2026-04-16T15:35:26","modified_gmt":"2026-04-16T07:35:26","slug":"kitchen-glass-storage","status":"publish","type":"product","link":"https:\/\/www.sinoglass.com\/fr\/product\/kitchen-glass-storage\/","title":{"rendered":"Cuisine textur\u00e9 verre de stockage sans plastique Design #99469001"},"content":{"rendered":"<p>Le beau bois d'acacia avec un joint en silicone doux constitue un couvercle parfait et naturel pour notre stockage en verre textur\u00e9 WHEATFIELD. Facile \u00e0 enlever et id\u00e9al pour votre table, le design sans plastique est aussi respectueux de la terre.<\/p>","protected":false},"excerpt":{"rendered":"<ul>\n<li>Verre hygi\u00e9nique textur\u00e9 Wheatfield<\/li>\n<li>Couverture en bois d'acacia<\/li>\n<li>Seal en silicone doux<\/li>\n<li>Disponible en trois tailles<\/li>\n<li>faisant partie de l'ECO. S\u00e9rie LIFE<\/li>\n<\/ul>","protected":false},"featured_media":8090,"comment_status":"open","ping_status":"closed","template":"","meta":{"_acf_changed":false},"product_brand":[],"product_cat":[218,100,68,88],"product_tag":[],"class_list":{"0":"post-8083","1":"product","2":"type-product","3":"status-publish","4":"has-post-thumbnail","6":"product_cat-eco-friendly","7":"product_cat-glass-storage-jar","8":"product_cat-storage-jars","9":"product_cat-wooden-lid-jar","11":"first","12":"instock","13":"shipping-taxable","14":"product-type-variable"},"acf":[],"_links":{"self":[{"href":"https:\/\/www.sinoglass.com\/fr\/wp-json\/wp\/v2\/product\/8083","targetHints":{"allow":["GET"]}}],"collection":[{"href":"https:\/\/www.sinoglass.com\/fr\/wp-json\/wp\/v2\/product"}],"about":[{"href":"https:\/\/www.sinoglass.com\/fr\/wp-json\/wp\/v2\/types\/product"}],"replies":[{"embeddable":true,"href":"https:\/\/www.sinoglass.com\/fr\/wp-json\/wp\/v2\/comments?post=8083"}],"wp:featuredmedia":[{"embeddable":true,"href":"https:\/\/www.sinoglass.com\/fr\/wp-json\/wp\/v2\/media\/8090"}],"wp:attachment":[{"href":"https:\/\/www.sinoglass.com\/fr\/wp-json\/wp\/v2\/media?parent=8083"}],"wp:term":[{"taxonomy":"product_brand","embeddable":true,"href":"https:\/\/www.sinoglass.com\/fr\/wp-json\/wp\/v2\/product_brand?post=8083"},{"taxonomy":"product_cat","embeddable":true,"href":"https:\/\/www.sinoglass.com\/fr\/wp-json\/wp\/v2\/product_cat?post=8083"},{"taxonomy":"product_tag","embeddable":true,"href":"https:\/\/www.sinoglass.com\/fr\/wp-json\/wp\/v2\/product_tag?post=8083"}],"curies":[{"name":"WP","href":"https:\/\/api.w.org\/{rel}","templated":true}]}}