{"id":8067,"date":"2025-04-18T14:45:31","date_gmt":"2025-04-18T06:45:31","guid":{"rendered":"https:\/\/www.sinoglass.com\/?post_type=product&#038;p=8067"},"modified":"2026-04-16T15:32:05","modified_gmt":"2026-04-16T07:32:05","slug":"glass-storage-with-cork-lid","status":"publish","type":"product","link":"https:\/\/www.sinoglass.com\/fr\/product\/glass-storage-with-cork-lid\/","title":{"rendered":"Stockage en verre textur\u00e9 avec couvercle en li\u00e8ge #99459001"},"content":{"rendered":"<p>Le verre hygi\u00e9nique avec un grand bouchon de li\u00e8ge offre une solution de stockage simple et \u00e9cologique. Pas de d\u00e9sordre, pas de complication, ajoutez simplement la nourriture que vous voulez rester fra\u00eeche et poussez le couvercle de li\u00e8ge.<\/p>","protected":false},"excerpt":{"rendered":"<ul>\n<li>Verre hygi\u00e9nique textur\u00e9 Wheatfield.<\/li>\n<li>Design large et stable.<\/li>\n<li>Grand bouchon de li\u00e8ge pour un \u00e9tanch\u00e9it\u00e9 solide.<\/li>\n<li>Disponible en deux tailles.<\/li>\n<li>faisant partie de l'ECO. S\u00e9rie LIFE.<\/li>\n<\/ul>","protected":false},"featured_media":8069,"comment_status":"open","ping_status":"closed","template":"","meta":{"_acf_changed":false},"product_brand":[],"product_cat":[218,100,68,88],"product_tag":[],"class_list":{"0":"post-8067","1":"product","2":"type-product","3":"status-publish","4":"has-post-thumbnail","6":"product_cat-eco-friendly","7":"product_cat-glass-storage-jar","8":"product_cat-storage-jars","9":"product_cat-wooden-lid-jar","11":"first","12":"instock","13":"shipping-taxable","14":"purchasable","15":"product-type-variable"},"acf":[],"_links":{"self":[{"href":"https:\/\/www.sinoglass.com\/fr\/wp-json\/wp\/v2\/product\/8067","targetHints":{"allow":["GET"]}}],"collection":[{"href":"https:\/\/www.sinoglass.com\/fr\/wp-json\/wp\/v2\/product"}],"about":[{"href":"https:\/\/www.sinoglass.com\/fr\/wp-json\/wp\/v2\/types\/product"}],"replies":[{"embeddable":true,"href":"https:\/\/www.sinoglass.com\/fr\/wp-json\/wp\/v2\/comments?post=8067"}],"wp:featuredmedia":[{"embeddable":true,"href":"https:\/\/www.sinoglass.com\/fr\/wp-json\/wp\/v2\/media\/8069"}],"wp:attachment":[{"href":"https:\/\/www.sinoglass.com\/fr\/wp-json\/wp\/v2\/media?parent=8067"}],"wp:term":[{"taxonomy":"product_brand","embeddable":true,"href":"https:\/\/www.sinoglass.com\/fr\/wp-json\/wp\/v2\/product_brand?post=8067"},{"taxonomy":"product_cat","embeddable":true,"href":"https:\/\/www.sinoglass.com\/fr\/wp-json\/wp\/v2\/product_cat?post=8067"},{"taxonomy":"product_tag","embeddable":true,"href":"https:\/\/www.sinoglass.com\/fr\/wp-json\/wp\/v2\/product_tag?post=8067"}],"curies":[{"name":"WP","href":"https:\/\/api.w.org\/{rel}","templated":true}]}}