{"id":8051,"date":"2025-04-18T13:26:53","date_gmt":"2025-04-18T05:26:53","guid":{"rendered":"https:\/\/www.sinoglass.com\/?post_type=product&#038;p=8051"},"modified":"2025-10-21T13:41:14","modified_gmt":"2025-10-21T05:41:14","slug":"straw-water-bottle-for-sports","status":"publish","type":"product","link":"https:\/\/www.sinoglass.com\/fr\/product\/straw-water-bottle-for-sports\/","title":{"rendered":"Bouteille PCTG poign\u00e9e moul\u00e9e avec paille pliable #66342001"},"content":{"rendered":"<p>La durabilit\u00e9 et le poids l\u00e9ger du plastique sans BPA PCTG sont parfaits pour un couvercle de poign\u00e9e moul\u00e9 robuste, en particulier celui avec une paille pliable \u00e0 utilisation rapide. La poign\u00e9e moul\u00e9e reste en place pour que vous ne&#8217; t besoin de le balancer pour l'utilisation.  It&#8217; est le meilleur de tous les mondes pour une journ\u00e9e active d'exercice et d'hydratation. \u00cates-vous s\u00fbr de combien vous&#8217; Vous avez consomm\u00e9 ? Regardez simplement la bouteille, les mesures de volume sont l\u00e0. Le FLYER SPORT est votre compagnon de journ\u00e9e sportive.<\/p>","protected":false},"excerpt":{"rendered":"<ul style=\"list-style-type: disc;\">\n<li>Paille pliable pour un acc\u00e8s rapide.<\/li>\n<li>Poign\u00e9e moul\u00e9e forte et stable.<\/li>\n<li>Bo\u00eetier en acier inoxydable \u00e0 double paroi pour le contr\u00f4le de la temp\u00e9rature.<\/li>\n<li>Disponible en cinq tailles et trois couleurs.<\/li>\n<\/ul>","protected":false},"featured_media":8058,"comment_status":"open","ping_status":"closed","template":"","meta":{"_acf_changed":false},"product_brand":[],"product_cat":[74,92],"product_tag":[],"class_list":{"0":"post-8051","1":"product","2":"type-product","3":"status-publish","4":"has-post-thumbnail","6":"product_cat-tritan-plastic-bottle","7":"product_cat-water-bottles","9":"first","10":"instock","11":"shipping-taxable","12":"purchasable","13":"product-type-variable"},"acf":[],"_links":{"self":[{"href":"https:\/\/www.sinoglass.com\/fr\/wp-json\/wp\/v2\/product\/8051","targetHints":{"allow":["GET"]}}],"collection":[{"href":"https:\/\/www.sinoglass.com\/fr\/wp-json\/wp\/v2\/product"}],"about":[{"href":"https:\/\/www.sinoglass.com\/fr\/wp-json\/wp\/v2\/types\/product"}],"replies":[{"embeddable":true,"href":"https:\/\/www.sinoglass.com\/fr\/wp-json\/wp\/v2\/comments?post=8051"}],"wp:featuredmedia":[{"embeddable":true,"href":"https:\/\/www.sinoglass.com\/fr\/wp-json\/wp\/v2\/media\/8058"}],"wp:attachment":[{"href":"https:\/\/www.sinoglass.com\/fr\/wp-json\/wp\/v2\/media?parent=8051"}],"wp:term":[{"taxonomy":"product_brand","embeddable":true,"href":"https:\/\/www.sinoglass.com\/fr\/wp-json\/wp\/v2\/product_brand?post=8051"},{"taxonomy":"product_cat","embeddable":true,"href":"https:\/\/www.sinoglass.com\/fr\/wp-json\/wp\/v2\/product_cat?post=8051"},{"taxonomy":"product_tag","embeddable":true,"href":"https:\/\/www.sinoglass.com\/fr\/wp-json\/wp\/v2\/product_tag?post=8051"}],"curies":[{"name":"WP","href":"https:\/\/api.w.org\/{rel}","templated":true}]}}