{"id":8041,"date":"2025-04-18T11:32:07","date_gmt":"2025-04-18T03:32:07","guid":{"rendered":"https:\/\/www.sinoglass.com\/?post_type=product&#038;p=8041"},"modified":"2025-10-21T13:41:03","modified_gmt":"2025-10-21T05:41:03","slug":"insulated-bottle-with-folding-straw","status":"publish","type":"product","link":"https:\/\/www.sinoglass.com\/fr\/product\/insulated-bottle-with-folding-straw\/","title":{"rendered":"Bouteille isol\u00e9e poign\u00e9e moul\u00e9e avec paille pliable #66332001"},"content":{"rendered":"<p>Remplissez-la, attrapez-la et courez avec elle. Ou glissez une ceinture ou une sangle \u00e0 travers la poign\u00e9e moul\u00e9e forte et stable pour la garder en s\u00e9curit\u00e9. La poign\u00e9e moul\u00e9e reste en place pour que vous ne&#8217; Le FLYER est une excellente option pour un environnement rugueux et une promenade dans le parc, et la paille pliable se retourne pour boire, puis se retourne pour sceller. L'acier inoxydable thermique maintient la temp\u00e9rature dont vous avez besoin.<\/p>","protected":false},"excerpt":{"rendered":"<ul style=\"list-style-type: disc;\">\n<li>Paille pliable pour un acc\u00e8s rapide.<\/li>\n<li>Poign\u00e9e moul\u00e9e forte et stable.<\/li>\n<li>Bo\u00eetier en acier inoxydable \u00e0 double paroi pour le contr\u00f4le de la temp\u00e9rature.<\/li>\n<li>Disponible en cinq tailles et trois couleurs.<\/li>\n<\/ul>","protected":false},"featured_media":8046,"comment_status":"open","ping_status":"closed","template":"","meta":{"_acf_changed":false},"product_brand":[],"product_cat":[73,92],"product_tag":[],"class_list":{"0":"post-8041","1":"product","2":"type-product","3":"status-publish","4":"has-post-thumbnail","6":"product_cat-insulated-bottle","7":"product_cat-water-bottles","9":"first","10":"instock","11":"shipping-taxable","12":"purchasable","13":"product-type-variable"},"acf":[],"_links":{"self":[{"href":"https:\/\/www.sinoglass.com\/fr\/wp-json\/wp\/v2\/product\/8041","targetHints":{"allow":["GET"]}}],"collection":[{"href":"https:\/\/www.sinoglass.com\/fr\/wp-json\/wp\/v2\/product"}],"about":[{"href":"https:\/\/www.sinoglass.com\/fr\/wp-json\/wp\/v2\/types\/product"}],"replies":[{"embeddable":true,"href":"https:\/\/www.sinoglass.com\/fr\/wp-json\/wp\/v2\/comments?post=8041"}],"wp:featuredmedia":[{"embeddable":true,"href":"https:\/\/www.sinoglass.com\/fr\/wp-json\/wp\/v2\/media\/8046"}],"wp:attachment":[{"href":"https:\/\/www.sinoglass.com\/fr\/wp-json\/wp\/v2\/media?parent=8041"}],"wp:term":[{"taxonomy":"product_brand","embeddable":true,"href":"https:\/\/www.sinoglass.com\/fr\/wp-json\/wp\/v2\/product_brand?post=8041"},{"taxonomy":"product_cat","embeddable":true,"href":"https:\/\/www.sinoglass.com\/fr\/wp-json\/wp\/v2\/product_cat?post=8041"},{"taxonomy":"product_tag","embeddable":true,"href":"https:\/\/www.sinoglass.com\/fr\/wp-json\/wp\/v2\/product_tag?post=8041"}],"curies":[{"name":"WP","href":"https:\/\/api.w.org\/{rel}","templated":true}]}}