{"id":8032,"date":"2025-04-18T11:08:11","date_gmt":"2025-04-18T03:08:11","guid":{"rendered":"https:\/\/www.sinoglass.com\/?post_type=product&#038;p=8032"},"modified":"2025-10-21T13:37:40","modified_gmt":"2025-10-21T05:37:40","slug":"plastic-salt-pepper-mills","status":"publish","type":"product","link":"https:\/\/www.sinoglass.com\/fr\/product\/plastic-salt-pepper-mills\/","title":{"rendered":"Moulins \u00e0 sel\/poivre en bois et en plastique robuste #8989000204"},"content":{"rendered":"<p>La vari\u00e9t\u00e9 est l\u2019\u00e9pice de la vie, et CLEARVIEW MILLS offre un moyen surprenant d\u2019ajouter de la vari\u00e9t\u00e9 \u00e0 votre table. Le look \u00e9l\u00e9gant du bois et la commodit\u00e9 du plastique transparent se combinent en un ensemble unique qui fera parler tout le monde. Vous pouvez choisir entre le bois d'acacia ou du caoutchouc, pour la t\u00eate de broyeur, et la bague en acier inoxydable sur le corps ajoute une touche \u00e9l\u00e9gante. Le m\u00eame m\u00e9canisme de c\u00e9ramique \u00e0 vie, le bouton de r\u00e9glage en alliage de zinc et la construction de haute qualit\u00e9 maintiendront la saveur en cours et la conversation.<\/p>","protected":false},"excerpt":{"rendered":"<ul>\n<li>Moulins \u00e0 sel\/poivre en bois \u00e9l\u00e9gant et plastique robuste.<\/li>\n<li>Design CLEARVIEW unique.<\/li>\n<li>S et P pratiques sur le bouton en alliage de zinc.<\/li>\n<li>M\u00e9canisme en c\u00e9ramique \u00e0 vie.<\/li>\n<li>Deux vrais bois disponibles: Acacia, Bois de caoutchouc.<\/li>\n<\/ul>","protected":false},"featured_media":8039,"comment_status":"open","ping_status":"closed","template":"","meta":{"_acf_changed":false},"product_brand":[],"product_cat":[268,71],"product_tag":[],"class_list":{"0":"post-8032","1":"product","2":"type-product","3":"status-publish","4":"has-post-thumbnail","6":"product_cat-glass-plastic-mills","7":"product_cat-mills-grinders","9":"first","10":"instock","11":"shipping-taxable","12":"purchasable","13":"product-type-variable"},"acf":[],"_links":{"self":[{"href":"https:\/\/www.sinoglass.com\/fr\/wp-json\/wp\/v2\/product\/8032","targetHints":{"allow":["GET"]}}],"collection":[{"href":"https:\/\/www.sinoglass.com\/fr\/wp-json\/wp\/v2\/product"}],"about":[{"href":"https:\/\/www.sinoglass.com\/fr\/wp-json\/wp\/v2\/types\/product"}],"replies":[{"embeddable":true,"href":"https:\/\/www.sinoglass.com\/fr\/wp-json\/wp\/v2\/comments?post=8032"}],"wp:featuredmedia":[{"embeddable":true,"href":"https:\/\/www.sinoglass.com\/fr\/wp-json\/wp\/v2\/media\/8039"}],"wp:attachment":[{"href":"https:\/\/www.sinoglass.com\/fr\/wp-json\/wp\/v2\/media?parent=8032"}],"wp:term":[{"taxonomy":"product_brand","embeddable":true,"href":"https:\/\/www.sinoglass.com\/fr\/wp-json\/wp\/v2\/product_brand?post=8032"},{"taxonomy":"product_cat","embeddable":true,"href":"https:\/\/www.sinoglass.com\/fr\/wp-json\/wp\/v2\/product_cat?post=8032"},{"taxonomy":"product_tag","embeddable":true,"href":"https:\/\/www.sinoglass.com\/fr\/wp-json\/wp\/v2\/product_tag?post=8032"}],"curies":[{"name":"WP","href":"https:\/\/api.w.org\/{rel}","templated":true}]}}