{"id":8028,"date":"2025-04-18T10:36:21","date_gmt":"2025-04-18T02:36:21","guid":{"rendered":"https:\/\/www.sinoglass.com\/?post_type=product&#038;p=8028"},"modified":"2026-04-16T15:36:32","modified_gmt":"2026-04-16T07:36:32","slug":"plastic-salt-and-pepper-grinder","status":"publish","type":"product","link":"https:\/\/www.sinoglass.com\/fr\/product\/plastic-salt-and-pepper-grinder\/","title":{"rendered":"Moulin de sel et de poivre en plastique AS durable #89890002"},"content":{"rendered":"<p>Avec MONARCH CLEAR, vous&#8217; Vous n'aurez aucun doute sur la quantit\u00e9 de votre sel pr\u00e9f\u00e9r\u00e9 ou poivre entier qui reste dans votre moulin. De plus, vous pouvez observer le m\u00e9canisme de haute qualit\u00e9 au travail tout en ajoutant une saveur fra\u00eeche. Le bouton en alliage de zinc sur les moulins de 6 pouces ou de 8 pouces ajuste le broyage de fin \u00e0 grossier. Une bague unique en acier inoxydable ajoute une touche d'\u00e9l\u00e9gance. Commencez une conversation avec les moulins MONARCH CLEAR robustes et transparents.<\/p>","protected":false},"excerpt":{"rendered":"<ul>\n<li>Sel transparent et moulin \u00e0 poivre.<\/li>\n<li>Bouton de r\u00e9glage en alliage de zinc.<\/li>\n<li>Bague \u00e9l\u00e9gante en acier inoxydable.<\/li>\n<li>M\u00e9canisme en c\u00e9ramique \u00e0 vie.<\/li>\n<li>Plastique de haute qualit\u00e9 et robuste.<\/li>\n<\/ul>","protected":false},"featured_media":8013,"comment_status":"open","ping_status":"closed","template":"","meta":{"_acf_changed":false},"product_brand":[],"product_cat":[268,71],"product_tag":[],"class_list":{"0":"post-8028","1":"product","2":"type-product","3":"status-publish","4":"has-post-thumbnail","6":"product_cat-glass-plastic-mills","7":"product_cat-mills-grinders","9":"first","10":"instock","11":"shipping-taxable","12":"purchasable","13":"product-type-variable"},"acf":[],"_links":{"self":[{"href":"https:\/\/www.sinoglass.com\/fr\/wp-json\/wp\/v2\/product\/8028","targetHints":{"allow":["GET"]}}],"collection":[{"href":"https:\/\/www.sinoglass.com\/fr\/wp-json\/wp\/v2\/product"}],"about":[{"href":"https:\/\/www.sinoglass.com\/fr\/wp-json\/wp\/v2\/types\/product"}],"replies":[{"embeddable":true,"href":"https:\/\/www.sinoglass.com\/fr\/wp-json\/wp\/v2\/comments?post=8028"}],"wp:featuredmedia":[{"embeddable":true,"href":"https:\/\/www.sinoglass.com\/fr\/wp-json\/wp\/v2\/media\/8013"}],"wp:attachment":[{"href":"https:\/\/www.sinoglass.com\/fr\/wp-json\/wp\/v2\/media?parent=8028"}],"wp:term":[{"taxonomy":"product_brand","embeddable":true,"href":"https:\/\/www.sinoglass.com\/fr\/wp-json\/wp\/v2\/product_brand?post=8028"},{"taxonomy":"product_cat","embeddable":true,"href":"https:\/\/www.sinoglass.com\/fr\/wp-json\/wp\/v2\/product_cat?post=8028"},{"taxonomy":"product_tag","embeddable":true,"href":"https:\/\/www.sinoglass.com\/fr\/wp-json\/wp\/v2\/product_tag?post=8028"}],"curies":[{"name":"WP","href":"https:\/\/api.w.org\/{rel}","templated":true}]}}