{"id":7874,"date":"2025-02-27T14:10:58","date_gmt":"2025-02-27T06:10:58","guid":{"rendered":"https:\/\/www.sinoglass.com\/?post_type=product&#038;p=7874"},"modified":"2025-02-27T14:47:08","modified_gmt":"2025-02-27T06:47:08","slug":"stainless-steel-cup","status":"publish","type":"product","link":"https:\/\/www.sinoglass.com\/fr\/product\/stainless-steel-cup\/","title":{"rendered":"Coupe en acier inoxydable isol\u00e9e avec couvercle et paille #69696012"},"content":{"rendered":"<p>Le Clean &amp; SIMPLE est id\u00e9al pour un sac \u00e0 main, la poche dans votre sac \u00e0 dos ou le porte-tasse dans votre voiture. Le design propre a gagn\u00e9&#8217; t fouiller votre espace, et il gardera votre boisson comme vous l'aimez pendant plusieurs heures. L'hydratation \u00e0 port\u00e9e de main peut \u00eatre l'ajustement parfait pour vos occasions quotidiennes.<\/p>","protected":false},"excerpt":{"rendered":"<ul>\n<li>Deux options de boisson, paille pour les boissons froides, bec pour chaud.<\/li>\n<li>Acier inoxydable thermique pour une temp\u00e9rature fiable.<\/li>\n<li>Poign\u00e9e pliable int\u00e9gr\u00e9e et sangle de transport amovible.<\/li>\n<li>Paille amovible et jetable.<\/li>\n<\/ul>","protected":false},"featured_media":7880,"comment_status":"open","ping_status":"closed","template":"","meta":{"_acf_changed":false},"product_brand":[],"product_cat":[128,75],"product_tag":[],"class_list":{"0":"post-7874","1":"product","2":"type-product","3":"status-publish","4":"has-post-thumbnail","6":"product_cat-insulated-mug","7":"product_cat-tumblers-mugs","9":"first","10":"instock","11":"shipping-taxable","12":"purchasable","13":"product-type-variable"},"acf":[],"_links":{"self":[{"href":"https:\/\/www.sinoglass.com\/fr\/wp-json\/wp\/v2\/product\/7874","targetHints":{"allow":["GET"]}}],"collection":[{"href":"https:\/\/www.sinoglass.com\/fr\/wp-json\/wp\/v2\/product"}],"about":[{"href":"https:\/\/www.sinoglass.com\/fr\/wp-json\/wp\/v2\/types\/product"}],"replies":[{"embeddable":true,"href":"https:\/\/www.sinoglass.com\/fr\/wp-json\/wp\/v2\/comments?post=7874"}],"wp:featuredmedia":[{"embeddable":true,"href":"https:\/\/www.sinoglass.com\/fr\/wp-json\/wp\/v2\/media\/7880"}],"wp:attachment":[{"href":"https:\/\/www.sinoglass.com\/fr\/wp-json\/wp\/v2\/media?parent=7874"}],"wp:term":[{"taxonomy":"product_brand","embeddable":true,"href":"https:\/\/www.sinoglass.com\/fr\/wp-json\/wp\/v2\/product_brand?post=7874"},{"taxonomy":"product_cat","embeddable":true,"href":"https:\/\/www.sinoglass.com\/fr\/wp-json\/wp\/v2\/product_cat?post=7874"},{"taxonomy":"product_tag","embeddable":true,"href":"https:\/\/www.sinoglass.com\/fr\/wp-json\/wp\/v2\/product_tag?post=7874"}],"curies":[{"name":"WP","href":"https:\/\/api.w.org\/{rel}","templated":true}]}}