{"id":7857,"date":"2025-02-27T13:46:22","date_gmt":"2025-02-27T05:46:22","guid":{"rendered":"https:\/\/www.sinoglass.com\/?post_type=product&#038;p=7857"},"modified":"2025-10-21T13:39:06","modified_gmt":"2025-10-21T05:39:06","slug":"hot-and-cold-coffee-tumbler","status":"publish","type":"product","link":"https:\/\/www.sinoglass.com\/fr\/product\/hot-and-cold-coffee-tumbler\/","title":{"rendered":"20 oz Cafeterie chaude et froide avec sangle et paille #69696002"},"content":{"rendered":"<p>L'ALL-OCCASION est un objet chaud pour l'utilisation quotidienne, et la nouvelle version en acier inoxydable offre encore plus de possibilit\u00e9s. Profitez de votre boisson \u00e0 la temp\u00e9rature que vous voulez pendant de nombreuses heures, et cela a l'air super aussi. Avec la poign\u00e9e pliable int\u00e9gr\u00e9e et la sangle de transport r\u00e9glable, l'ALL-OCASSION S.S. sera en haut de votre liste pour une solution d'hydratation polyvalente.<\/p>","protected":false},"excerpt":{"rendered":"<ul>\n<li>Deux options de boisson, paille pour les boissons froides, bec pour chaud.<\/li>\n<li>Acier inoxydable thermique pour une temp\u00e9rature fiable.<\/li>\n<li>Poign\u00e9e pliable int\u00e9gr\u00e9e et sangle de transport amovible.<\/li>\n<li>Paille amovible et jetable.<\/li>\n<\/ul>","protected":false},"featured_media":7862,"comment_status":"open","ping_status":"closed","template":"","meta":{"_acf_changed":false},"product_brand":[],"product_cat":[128,75],"product_tag":[],"class_list":{"0":"post-7857","1":"product","2":"type-product","3":"status-publish","4":"has-post-thumbnail","6":"product_cat-insulated-mug","7":"product_cat-tumblers-mugs","9":"first","10":"instock","11":"shipping-taxable","12":"purchasable","13":"product-type-variable"},"acf":[],"_links":{"self":[{"href":"https:\/\/www.sinoglass.com\/fr\/wp-json\/wp\/v2\/product\/7857","targetHints":{"allow":["GET"]}}],"collection":[{"href":"https:\/\/www.sinoglass.com\/fr\/wp-json\/wp\/v2\/product"}],"about":[{"href":"https:\/\/www.sinoglass.com\/fr\/wp-json\/wp\/v2\/types\/product"}],"replies":[{"embeddable":true,"href":"https:\/\/www.sinoglass.com\/fr\/wp-json\/wp\/v2\/comments?post=7857"}],"wp:featuredmedia":[{"embeddable":true,"href":"https:\/\/www.sinoglass.com\/fr\/wp-json\/wp\/v2\/media\/7862"}],"wp:attachment":[{"href":"https:\/\/www.sinoglass.com\/fr\/wp-json\/wp\/v2\/media?parent=7857"}],"wp:term":[{"taxonomy":"product_brand","embeddable":true,"href":"https:\/\/www.sinoglass.com\/fr\/wp-json\/wp\/v2\/product_brand?post=7857"},{"taxonomy":"product_cat","embeddable":true,"href":"https:\/\/www.sinoglass.com\/fr\/wp-json\/wp\/v2\/product_cat?post=7857"},{"taxonomy":"product_tag","embeddable":true,"href":"https:\/\/www.sinoglass.com\/fr\/wp-json\/wp\/v2\/product_tag?post=7857"}],"curies":[{"name":"WP","href":"https:\/\/api.w.org\/{rel}","templated":true}]}}