{"id":7840,"date":"2025-02-27T13:21:39","date_gmt":"2025-02-27T05:21:39","guid":{"rendered":"https:\/\/www.sinoglass.com\/?post_type=product&#038;p=7840"},"modified":"2025-10-21T13:39:23","modified_gmt":"2025-10-21T05:39:23","slug":"large-double-wall-stainless-steel-tumbler","status":"publish","type":"product","link":"https:\/\/www.sinoglass.com\/fr\/product\/large-double-wall-stainless-steel-tumbler\/","title":{"rendered":"Grand vase en acier inoxydable \u00e0 double paroi avec paille #69726001"},"content":{"rendered":"<p>Le BIG CARRY est le choix parfait pour une promenade confortable ou une promenade intense. Notre couvercle innovant de bouchon tordu maintient la paille \u00e0 boire cach\u00e9e et hors de la large poign\u00e9e int\u00e9gr\u00e9e, et le large bec \u00e0 boire est pr\u00eat \u00e0 tout moment. Utilisez le bec pendant que vous&#8217; re en mouvement, ou pop la paille lorsque vous&#8217; Pr\u00eat pour une pause. Continuez votre voyage en sant\u00e9 avec BIG CARRY.<\/p>","protected":false},"excerpt":{"rendered":"<ul>\n<li>Vase en acier inoxydable de grande capacit\u00e9.<\/li>\n<li>Grande poign\u00e9e int\u00e9gr\u00e9e.<\/li>\n<li>Paille r\u00e9tractable avec bouchon \u00e0 torsion.<\/li>\n<li>\u00c9tiquette magn\u00e9tique pour bouchon de maintien.<\/li>\n<li>Deux grandes tailles, 1200ml\/40oz, 1000ml\/33oz.<\/li>\n<li>Trois couleurs disponibles.<\/li>\n<\/ul>","protected":false},"featured_media":7853,"comment_status":"open","ping_status":"closed","template":"","meta":{"_acf_changed":false},"product_brand":[],"product_cat":[128,75],"product_tag":[],"class_list":{"0":"post-7840","1":"product","2":"type-product","3":"status-publish","4":"has-post-thumbnail","6":"product_cat-insulated-mug","7":"product_cat-tumblers-mugs","9":"first","10":"instock","11":"shipping-taxable","12":"purchasable","13":"product-type-variable"},"acf":[],"_links":{"self":[{"href":"https:\/\/www.sinoglass.com\/fr\/wp-json\/wp\/v2\/product\/7840","targetHints":{"allow":["GET"]}}],"collection":[{"href":"https:\/\/www.sinoglass.com\/fr\/wp-json\/wp\/v2\/product"}],"about":[{"href":"https:\/\/www.sinoglass.com\/fr\/wp-json\/wp\/v2\/types\/product"}],"replies":[{"embeddable":true,"href":"https:\/\/www.sinoglass.com\/fr\/wp-json\/wp\/v2\/comments?post=7840"}],"wp:featuredmedia":[{"embeddable":true,"href":"https:\/\/www.sinoglass.com\/fr\/wp-json\/wp\/v2\/media\/7853"}],"wp:attachment":[{"href":"https:\/\/www.sinoglass.com\/fr\/wp-json\/wp\/v2\/media?parent=7840"}],"wp:term":[{"taxonomy":"product_brand","embeddable":true,"href":"https:\/\/www.sinoglass.com\/fr\/wp-json\/wp\/v2\/product_brand?post=7840"},{"taxonomy":"product_cat","embeddable":true,"href":"https:\/\/www.sinoglass.com\/fr\/wp-json\/wp\/v2\/product_cat?post=7840"},{"taxonomy":"product_tag","embeddable":true,"href":"https:\/\/www.sinoglass.com\/fr\/wp-json\/wp\/v2\/product_tag?post=7840"}],"curies":[{"name":"WP","href":"https:\/\/api.w.org\/{rel}","templated":true}]}}