{"id":7820,"date":"2025-02-27T10:33:53","date_gmt":"2025-02-27T02:33:53","guid":{"rendered":"https:\/\/www.sinoglass.com\/?post_type=product&#038;p=7820"},"modified":"2025-10-21T13:38:08","modified_gmt":"2025-10-21T05:38:08","slug":"coffee-tumbler-with-straw","status":"publish","type":"product","link":"https:\/\/www.sinoglass.com\/fr\/product\/coffee-tumbler-with-straw\/","title":{"rendered":"20 oz Vid\u00e9o glac\u00e9 caf\u00e9 tumbler avec paille &#8211; TRIPLE SIP #69663002"},"content":{"rendered":"<p>Le TRIPLE SIP vous donne trois fa\u00e7ons de vous d\u00e9barrasser de votre soif. Pour une boisson chaude ou froide, retournez l'onglet d'un c\u00f4t\u00e9 et buvez \u00e0 partir d'un bec g\u00e9n\u00e9reux. Pour les boissons froides, retournez l'autre c\u00f4t\u00e9 pour siroter d'une paille compl\u00e8tement dissimul\u00e9e et int\u00e9gr\u00e9e. Ou, retirez la paille, retournez l'onglet central et mettez la paille au milieu o\u00f9 il&#8217; Disponible instantan\u00e9ment. Il peut \u00eatre compl\u00e8tement scell\u00e9 pour \u00e9viter les fuites, et l'int\u00e9rieur est simple et facile \u00e0 nettoyer. Vous avez trois fa\u00e7ons de retirer votre soif \u00e0 tout moment et de toute fa\u00e7on qui convient au moment.<\/p>","protected":false},"excerpt":{"rendered":"<ul>\n<li>Boucle g\u00e9n\u00e9reux d'un c\u00f4t\u00e9.<\/li>\n<li>Paille int\u00e9gr\u00e9e et cach\u00e9e de l'autre c\u00f4t\u00e9.<\/li>\n<li>Ouverture centrale pour placer la paille.<\/li>\n<\/ul>","protected":false},"featured_media":7825,"comment_status":"open","ping_status":"closed","template":"","meta":{"_acf_changed":false},"product_brand":[],"product_cat":[128,75],"product_tag":[],"class_list":{"0":"post-7820","1":"product","2":"type-product","3":"status-publish","4":"has-post-thumbnail","6":"product_cat-insulated-mug","7":"product_cat-tumblers-mugs","9":"first","10":"instock","11":"shipping-taxable","12":"purchasable","13":"product-type-variable"},"acf":[],"_links":{"self":[{"href":"https:\/\/www.sinoglass.com\/fr\/wp-json\/wp\/v2\/product\/7820","targetHints":{"allow":["GET"]}}],"collection":[{"href":"https:\/\/www.sinoglass.com\/fr\/wp-json\/wp\/v2\/product"}],"about":[{"href":"https:\/\/www.sinoglass.com\/fr\/wp-json\/wp\/v2\/types\/product"}],"replies":[{"embeddable":true,"href":"https:\/\/www.sinoglass.com\/fr\/wp-json\/wp\/v2\/comments?post=7820"}],"wp:featuredmedia":[{"embeddable":true,"href":"https:\/\/www.sinoglass.com\/fr\/wp-json\/wp\/v2\/media\/7825"}],"wp:attachment":[{"href":"https:\/\/www.sinoglass.com\/fr\/wp-json\/wp\/v2\/media?parent=7820"}],"wp:term":[{"taxonomy":"product_brand","embeddable":true,"href":"https:\/\/www.sinoglass.com\/fr\/wp-json\/wp\/v2\/product_brand?post=7820"},{"taxonomy":"product_cat","embeddable":true,"href":"https:\/\/www.sinoglass.com\/fr\/wp-json\/wp\/v2\/product_cat?post=7820"},{"taxonomy":"product_tag","embeddable":true,"href":"https:\/\/www.sinoglass.com\/fr\/wp-json\/wp\/v2\/product_tag?post=7820"}],"curies":[{"name":"WP","href":"https:\/\/api.w.org\/{rel}","templated":true}]}}