{"id":7785,"date":"2025-02-26T10:23:59","date_gmt":"2025-02-26T02:23:59","guid":{"rendered":"https:\/\/www.sinoglass.com\/?post_type=product&#038;p=7785"},"modified":"2025-02-27T09:35:14","modified_gmt":"2025-02-27T01:35:14","slug":"insulated-travel-mug","status":"publish","type":"product","link":"https:\/\/www.sinoglass.com\/fr\/product\/insulated-travel-mug\/","title":{"rendered":"Verre de tasse de voyage isol\u00e9 avec manche en acier inoxydable #68792000"},"content":{"rendered":"<p>Pour les amateurs de caf\u00e9, l'ar\u00f4me et la saveur du caf\u00e9 sont de la plus haute importance, et maintenir la bonne temp\u00e9rature est tout aussi crucial pour une tasse parfaite. Les boutons isol\u00e9s traditionnels en acier inoxydable peuvent garder votre caf\u00e9 chaud ou froid pendant de longues p\u00e9riodes, mais ils compromettent souvent la puret\u00e9 du caf\u00e9. sa saveur. D\u2019autre part, les tasses en verre conservent le go\u00fbt original du caf\u00e9 mais ne parviennent pas \u00e0 maintenir la temp\u00e9rature id\u00e9ale, ce qui affecte l\u2019exp\u00e9rience de consommation globale.<\/p>\n<p>Peut-\u00eatre que notre **verre de boisson multi-usage isol\u00e9** est la solution ultime. Con\u00e7u avec une couche ext\u00e9rieure en acier inoxydable pour une excellente isolation, il maintient votre caf\u00e9 \u00e0 la temp\u00e9rature parfaite pendant des heures. Pendant ce temps, la doublure en verre interne qui entre en contact avec la boisson assure que le caf\u00e9&#8217; sa saveur et son ar\u00f4me authentiques restent intacts. Cette combinaison innovante vous permet de profiter de votre caf\u00e9 de la fa\u00e7on dont il&#8217; est con\u00e7u pour \u00eatre savoureux, aromatique et \u00e0 la temp\u00e9rature id\u00e9ale.<\/p>","protected":false},"excerpt":{"rendered":"<ul>\n<li>Solution \u00e9l\u00e9gante pour boissons chaudes ou froides.<\/li>\n<li>Verre en borosilicate, manchon en acier inoxydable.<\/li>\n<li>Quatre couleurs disponibles.<\/li>\n<\/ul>","protected":false},"featured_media":7815,"comment_status":"open","ping_status":"closed","template":"","meta":{"_acf_changed":false},"product_brand":[],"product_cat":[121,128,75],"product_tag":[],"class_list":{"0":"post-7785","1":"product","2":"type-product","3":"status-publish","4":"has-post-thumbnail","6":"product_cat-glass-mug","7":"product_cat-insulated-mug","8":"product_cat-tumblers-mugs","10":"first","11":"instock","12":"shipping-taxable","13":"purchasable","14":"product-type-variable"},"acf":[],"_links":{"self":[{"href":"https:\/\/www.sinoglass.com\/fr\/wp-json\/wp\/v2\/product\/7785","targetHints":{"allow":["GET"]}}],"collection":[{"href":"https:\/\/www.sinoglass.com\/fr\/wp-json\/wp\/v2\/product"}],"about":[{"href":"https:\/\/www.sinoglass.com\/fr\/wp-json\/wp\/v2\/types\/product"}],"replies":[{"embeddable":true,"href":"https:\/\/www.sinoglass.com\/fr\/wp-json\/wp\/v2\/comments?post=7785"}],"wp:featuredmedia":[{"embeddable":true,"href":"https:\/\/www.sinoglass.com\/fr\/wp-json\/wp\/v2\/media\/7815"}],"wp:attachment":[{"href":"https:\/\/www.sinoglass.com\/fr\/wp-json\/wp\/v2\/media?parent=7785"}],"wp:term":[{"taxonomy":"product_brand","embeddable":true,"href":"https:\/\/www.sinoglass.com\/fr\/wp-json\/wp\/v2\/product_brand?post=7785"},{"taxonomy":"product_cat","embeddable":true,"href":"https:\/\/www.sinoglass.com\/fr\/wp-json\/wp\/v2\/product_cat?post=7785"},{"taxonomy":"product_tag","embeddable":true,"href":"https:\/\/www.sinoglass.com\/fr\/wp-json\/wp\/v2\/product_tag?post=7785"}],"curies":[{"name":"WP","href":"https:\/\/api.w.org\/{rel}","templated":true}]}}