{"id":7782,"date":"2025-02-25T17:07:51","date_gmt":"2025-02-25T09:07:51","guid":{"rendered":"https:\/\/www.sinoglass.com\/?post_type=product&#038;p=7782"},"modified":"2025-02-26T10:55:27","modified_gmt":"2025-02-26T02:55:27","slug":"glass-cup-with-lid-and-straw","status":"publish","type":"product","link":"https:\/\/www.sinoglass.com\/fr\/product\/glass-cup-with-lid-and-straw\/","title":{"rendered":"Coupe de voyage en verre avec couvercle et paille #69613002"},"content":{"rendered":"<p>SAFE TRAVELS est la tasse en verre \u00e0 double couvercle qui r\u00e9pond \u00e0 son nom. La paille en silicone d'un c\u00f4t\u00e9 a gagn\u00e9&#8217; t fuite lorsque le couvercle est ferm\u00e9. Le bec de boisson de l'autre c\u00f4t\u00e9 est couvert et verrouill\u00e9 pour prot\u00e9ger contre les fuites. Appuyez sur le bouton, prenez une gorg\u00e9e. Une poign\u00e9e en silicone grande et douce prot\u00e8ge vos mains. O\u00f9 que vous alliez, en promenade ou au bureau, SAFE TRAVELS est le bon choix.<\/p>","protected":false},"excerpt":{"rendered":"<ul>\n<li>Coupe en verre \u00e0 double couvercle.<\/li>\n<li>Bouton verrouill\u00e9.<\/li>\n<li>Poign\u00e9e en silicone s\u00fbre et grande.<\/li>\n<\/ul>","protected":false},"featured_media":7796,"comment_status":"open","ping_status":"closed","template":"","meta":{"_acf_changed":false},"product_brand":[],"product_cat":[121,75],"product_tag":[],"class_list":{"0":"post-7782","1":"product","2":"type-product","3":"status-publish","4":"has-post-thumbnail","6":"product_cat-glass-mug","7":"product_cat-tumblers-mugs","9":"first","10":"instock","11":"shipping-taxable","12":"purchasable","13":"product-type-variable"},"acf":[],"_links":{"self":[{"href":"https:\/\/www.sinoglass.com\/fr\/wp-json\/wp\/v2\/product\/7782","targetHints":{"allow":["GET"]}}],"collection":[{"href":"https:\/\/www.sinoglass.com\/fr\/wp-json\/wp\/v2\/product"}],"about":[{"href":"https:\/\/www.sinoglass.com\/fr\/wp-json\/wp\/v2\/types\/product"}],"replies":[{"embeddable":true,"href":"https:\/\/www.sinoglass.com\/fr\/wp-json\/wp\/v2\/comments?post=7782"}],"wp:featuredmedia":[{"embeddable":true,"href":"https:\/\/www.sinoglass.com\/fr\/wp-json\/wp\/v2\/media\/7796"}],"wp:attachment":[{"href":"https:\/\/www.sinoglass.com\/fr\/wp-json\/wp\/v2\/media?parent=7782"}],"wp:term":[{"taxonomy":"product_brand","embeddable":true,"href":"https:\/\/www.sinoglass.com\/fr\/wp-json\/wp\/v2\/product_brand?post=7782"},{"taxonomy":"product_cat","embeddable":true,"href":"https:\/\/www.sinoglass.com\/fr\/wp-json\/wp\/v2\/product_cat?post=7782"},{"taxonomy":"product_tag","embeddable":true,"href":"https:\/\/www.sinoglass.com\/fr\/wp-json\/wp\/v2\/product_tag?post=7782"}],"curies":[{"name":"WP","href":"https:\/\/api.w.org\/{rel}","templated":true}]}}