{"id":7779,"date":"2025-02-25T17:07:41","date_gmt":"2025-02-25T09:07:41","guid":{"rendered":"https:\/\/www.sinoglass.com\/?post_type=product&#038;p=7779"},"modified":"2025-02-26T11:35:06","modified_gmt":"2025-02-26T03:35:06","slug":"glass-coffee-tumbler-with-lid","status":"publish","type":"product","link":"https:\/\/www.sinoglass.com\/fr\/product\/glass-coffee-tumbler-with-lid\/","title":{"rendered":"Vase \u00e0 caf\u00e9 en verre avec poign\u00e9e et couvercle SafeLOK #69551002"},"content":{"rendered":"<p>Commencez la journ\u00e9e avec un d\u00e9licieux caf\u00e9. Plus tard, une boisson fra\u00eeche \u00e0 infusion de fruits apaisera votre soif. Peut-\u00eatre que vous&#8217; Je veux du th\u00e9 chaud et savoureux l'apr\u00e8s-midi.  It&#8217; s un plan superbe, possible avec une tasse SUPERB. La tasse en verre ALL-OCCASION avec une large poign\u00e9e en silicone est con\u00e7ue pour les boissons chaudes et froides. Quel que soit votre choix, le couvercle SUPERB dispose d'une fonctionnalit\u00e9 SafeLOK qui maintient le couvercle en s\u00e9curit\u00e9 jusqu'\u00e0 ce que vous&#8217; Pr\u00eat \u00e0 boire. Il suffit de faire glisser la serrure pour s'ouvrir, exposant le bec de boisson confortable. Portez la tasse dans votre sac, ou utilisez la poign\u00e9e pliable.<\/p>","protected":false},"excerpt":{"rendered":"<ul>\n<li>Coupe ALL-OCCASION avec couvercle SUPERB.<\/li>\n<li>Deux options de boisson: CAFF\u00c9, TEA MASTER.<\/li>\n<li>SafeLOK maintient le couvercle verrouill\u00e9 jusqu'\u00e0 ce que vous&#8217; Pr\u00eat \u00e0 boire.<\/li>\n<li>Manche pliable pratique et int\u00e9gr\u00e9e.<\/li>\n<li>Disponible en deux tailles et couleurs compl\u00e9mentaires.<\/li>\n<\/ul>","protected":false},"featured_media":7807,"comment_status":"open","ping_status":"closed","template":"","meta":{"_acf_changed":false},"product_brand":[],"product_cat":[121,75],"product_tag":[],"class_list":{"0":"post-7779","1":"product","2":"type-product","3":"status-publish","4":"has-post-thumbnail","6":"product_cat-glass-mug","7":"product_cat-tumblers-mugs","9":"first","10":"instock","11":"shipping-taxable","12":"purchasable","13":"product-type-variable"},"acf":[],"_links":{"self":[{"href":"https:\/\/www.sinoglass.com\/fr\/wp-json\/wp\/v2\/product\/7779","targetHints":{"allow":["GET"]}}],"collection":[{"href":"https:\/\/www.sinoglass.com\/fr\/wp-json\/wp\/v2\/product"}],"about":[{"href":"https:\/\/www.sinoglass.com\/fr\/wp-json\/wp\/v2\/types\/product"}],"replies":[{"embeddable":true,"href":"https:\/\/www.sinoglass.com\/fr\/wp-json\/wp\/v2\/comments?post=7779"}],"wp:featuredmedia":[{"embeddable":true,"href":"https:\/\/www.sinoglass.com\/fr\/wp-json\/wp\/v2\/media\/7807"}],"wp:attachment":[{"href":"https:\/\/www.sinoglass.com\/fr\/wp-json\/wp\/v2\/media?parent=7779"}],"wp:term":[{"taxonomy":"product_brand","embeddable":true,"href":"https:\/\/www.sinoglass.com\/fr\/wp-json\/wp\/v2\/product_brand?post=7779"},{"taxonomy":"product_cat","embeddable":true,"href":"https:\/\/www.sinoglass.com\/fr\/wp-json\/wp\/v2\/product_cat?post=7779"},{"taxonomy":"product_tag","embeddable":true,"href":"https:\/\/www.sinoglass.com\/fr\/wp-json\/wp\/v2\/product_tag?post=7779"}],"curies":[{"name":"WP","href":"https:\/\/api.w.org\/{rel}","templated":true}]}}