{"id":7741,"date":"2025-02-25T16:07:58","date_gmt":"2025-02-25T08:07:58","guid":{"rendered":"https:\/\/www.sinoglass.com\/?post_type=product&#038;p=7741"},"modified":"2026-04-16T15:32:25","modified_gmt":"2026-04-16T07:32:25","slug":"insulated-tumbler-with-straw","status":"publish","type":"product","link":"https:\/\/www.sinoglass.com\/fr\/product\/insulated-tumbler-with-straw\/","title":{"rendered":"S\u00e9choir isol\u00e9 avec paille &#8211; DUAL-OPTION #69921001"},"content":{"rendered":"<p>TURNABOUT est un fair play pour l\u2019environnement. Simple et \u00e9cologique, notre nouvelle vase en acier inoxydable va partout et signifie plus de tasses en papier ou en plastique. Vous pouvez boire \u00e0 partir d'un bec en silicone. Ou tournez le haut et ins\u00e9rez la paille en acier inoxydable surmont\u00e9e d'une extension en silicone confortable et doux.<\/p>","protected":false},"excerpt":{"rendered":"<ul>\n<li>Bouilloire \u00e0 double option, boire \u00e0 partir d'un bec ou d'une paille.<\/li>\n<li>Couverture facilement enlev\u00e9e pour le nettoyage.<\/li>\n<li>Le bec de boisson est en silicone doux.<\/li>\n<li>Paille \u00e9cologique en acier inoxydable, surmont\u00e9e d'une extension en silicone doux.<\/li>\n<\/ul>","protected":false},"featured_media":7754,"comment_status":"open","ping_status":"closed","template":"","meta":{"_acf_changed":false},"product_brand":[],"product_cat":[128,75],"product_tag":[],"class_list":{"0":"post-7741","1":"product","2":"type-product","3":"status-publish","4":"has-post-thumbnail","6":"product_cat-insulated-mug","7":"product_cat-tumblers-mugs","9":"first","10":"instock","11":"shipping-taxable","12":"purchasable","13":"product-type-variable"},"acf":[],"_links":{"self":[{"href":"https:\/\/www.sinoglass.com\/fr\/wp-json\/wp\/v2\/product\/7741","targetHints":{"allow":["GET"]}}],"collection":[{"href":"https:\/\/www.sinoglass.com\/fr\/wp-json\/wp\/v2\/product"}],"about":[{"href":"https:\/\/www.sinoglass.com\/fr\/wp-json\/wp\/v2\/types\/product"}],"replies":[{"embeddable":true,"href":"https:\/\/www.sinoglass.com\/fr\/wp-json\/wp\/v2\/comments?post=7741"}],"wp:featuredmedia":[{"embeddable":true,"href":"https:\/\/www.sinoglass.com\/fr\/wp-json\/wp\/v2\/media\/7754"}],"wp:attachment":[{"href":"https:\/\/www.sinoglass.com\/fr\/wp-json\/wp\/v2\/media?parent=7741"}],"wp:term":[{"taxonomy":"product_brand","embeddable":true,"href":"https:\/\/www.sinoglass.com\/fr\/wp-json\/wp\/v2\/product_brand?post=7741"},{"taxonomy":"product_cat","embeddable":true,"href":"https:\/\/www.sinoglass.com\/fr\/wp-json\/wp\/v2\/product_cat?post=7741"},{"taxonomy":"product_tag","embeddable":true,"href":"https:\/\/www.sinoglass.com\/fr\/wp-json\/wp\/v2\/product_tag?post=7741"}],"curies":[{"name":"WP","href":"https:\/\/api.w.org\/{rel}","templated":true}]}}