{"id":7630,"date":"2025-02-11T14:10:56","date_gmt":"2025-02-11T06:10:56","guid":{"rendered":"https:\/\/www.sinoglass.com\/?post_type=product&#038;p=7630"},"modified":"2025-02-11T14:57:55","modified_gmt":"2025-02-11T06:57:55","slug":"plastic-salt-pepper-shakers","status":"publish","type":"product","link":"https:\/\/www.sinoglass.com\/fr\/product\/plastic-salt-pepper-shakers\/","title":{"rendered":"Sel en plastique &#038; Shakers de poivre MAGNETIC HANGER #8960200001"},"content":{"rendered":"<p>MAGNETO SPICE a un corps en plastique r\u00e9sistant avec une touche inhabituelle - une bande magn\u00e9tique pour accrocher sur une surface m\u00e9tallique de votre choix. De nouveaux emplacements de stockage sont possibles lorsque vous pouvez attacher un shaker \u00e0 votre r\u00e9frig\u00e9rateur, \u00e0 votre porte-couteaux, \u00e0 votre po\u00eale ou l\u00e0 o\u00f9 cela vous semble pratique.  You&#8217; Commencer une conversation et avoir un grand ensemble en m\u00eame temps.<\/p>","protected":false},"excerpt":{"rendered":"<ul>\n<li>Corps en plastique durable.<\/li>\n<li>Nouveau design du couvercle.<\/li>\n<li>Bande suspendue magn\u00e9tique.<\/li>\n<\/ul>","protected":false},"featured_media":7642,"comment_status":"open","ping_status":"closed","template":"","meta":{"_acf_changed":false},"product_brand":[],"product_cat":[109,108,70],"product_tag":[],"class_list":{"0":"post-7630","1":"product","2":"type-product","3":"status-publish","4":"has-post-thumbnail","6":"product_cat-magnetic-spice-jars","7":"product_cat-spice-jars","8":"product_cat-spice-racks","10":"first","11":"instock","12":"shipping-taxable","13":"purchasable","14":"product-type-variable"},"acf":[],"_links":{"self":[{"href":"https:\/\/www.sinoglass.com\/fr\/wp-json\/wp\/v2\/product\/7630","targetHints":{"allow":["GET"]}}],"collection":[{"href":"https:\/\/www.sinoglass.com\/fr\/wp-json\/wp\/v2\/product"}],"about":[{"href":"https:\/\/www.sinoglass.com\/fr\/wp-json\/wp\/v2\/types\/product"}],"replies":[{"embeddable":true,"href":"https:\/\/www.sinoglass.com\/fr\/wp-json\/wp\/v2\/comments?post=7630"}],"wp:featuredmedia":[{"embeddable":true,"href":"https:\/\/www.sinoglass.com\/fr\/wp-json\/wp\/v2\/media\/7642"}],"wp:attachment":[{"href":"https:\/\/www.sinoglass.com\/fr\/wp-json\/wp\/v2\/media?parent=7630"}],"wp:term":[{"taxonomy":"product_brand","embeddable":true,"href":"https:\/\/www.sinoglass.com\/fr\/wp-json\/wp\/v2\/product_brand?post=7630"},{"taxonomy":"product_cat","embeddable":true,"href":"https:\/\/www.sinoglass.com\/fr\/wp-json\/wp\/v2\/product_cat?post=7630"},{"taxonomy":"product_tag","embeddable":true,"href":"https:\/\/www.sinoglass.com\/fr\/wp-json\/wp\/v2\/product_tag?post=7630"}],"curies":[{"name":"WP","href":"https:\/\/api.w.org\/{rel}","templated":true}]}}