{"id":7617,"date":"2025-02-11T13:37:19","date_gmt":"2025-02-11T05:37:19","guid":{"rendered":"https:\/\/www.sinoglass.com\/?post_type=product&#038;p=7617"},"modified":"2026-04-16T15:34:06","modified_gmt":"2026-04-16T07:34:06","slug":"double-drink-tritan-water-bottles","status":"publish","type":"product","link":"https:\/\/www.sinoglass.com\/fr\/product\/double-drink-tritan-water-bottles\/","title":{"rendered":"Double boisson d'hydratation pour le grand jour #69896004"},"content":{"rendered":"<p>Une longue journ\u00e9e d\u2019activit\u00e9 vous attend, et le DOUBLE DRINK EXTRA MILE est ce dont vous avez besoin pour l\u2019hydratation toute la journ\u00e9e. Plastique durable sans BPA, efficace et s\u00fbr \u2013 la paille en silicone d'un c\u00f4t\u00e9 a gagn\u00e9&#8217; t fuite lorsque le couvercle est ferm\u00e9; le bec de boisson de l'autre c\u00f4t\u00e9 est couvert et verrouill\u00e9 pour prot\u00e9ger contre les fuites. Appuyez sur le bouton, prenez une gorg\u00e9e. Notre nouveau MILE EXTRA fait du long voyage une option saine et naturelle.<\/p>","protected":false},"excerpt":{"rendered":"<ul>\n<li>Design double couvercle, bouteille de sport sans BPA.<\/li>\n<li>Poign\u00e9e pliable compacte pour un transport facile.<\/li>\n<li>Boire d'un c\u00f4t\u00e9, ou siroter d'une paille de silicone.<\/li>\n<li>Bouton verrouill\u00e9.<\/li>\n<li>Plastique sans BPA s\u00fbr et robuste.<\/li>\n<li>Grande capacit\u00e9 d'hydratation toute la journ\u00e9e.<\/li>\n<li>Parfait pour les activit\u00e9s en plein air.<\/li>\n<\/ul>","protected":false},"featured_media":7621,"comment_status":"open","ping_status":"closed","template":"","meta":{"_acf_changed":false},"product_brand":[],"product_cat":[74,92],"product_tag":[],"class_list":{"0":"post-7617","1":"product","2":"type-product","3":"status-publish","4":"has-post-thumbnail","6":"product_cat-tritan-plastic-bottle","7":"product_cat-water-bottles","9":"first","10":"instock","11":"shipping-taxable","12":"purchasable","13":"product-type-variable"},"acf":[],"_links":{"self":[{"href":"https:\/\/www.sinoglass.com\/fr\/wp-json\/wp\/v2\/product\/7617","targetHints":{"allow":["GET"]}}],"collection":[{"href":"https:\/\/www.sinoglass.com\/fr\/wp-json\/wp\/v2\/product"}],"about":[{"href":"https:\/\/www.sinoglass.com\/fr\/wp-json\/wp\/v2\/types\/product"}],"replies":[{"embeddable":true,"href":"https:\/\/www.sinoglass.com\/fr\/wp-json\/wp\/v2\/comments?post=7617"}],"wp:featuredmedia":[{"embeddable":true,"href":"https:\/\/www.sinoglass.com\/fr\/wp-json\/wp\/v2\/media\/7621"}],"wp:attachment":[{"href":"https:\/\/www.sinoglass.com\/fr\/wp-json\/wp\/v2\/media?parent=7617"}],"wp:term":[{"taxonomy":"product_brand","embeddable":true,"href":"https:\/\/www.sinoglass.com\/fr\/wp-json\/wp\/v2\/product_brand?post=7617"},{"taxonomy":"product_cat","embeddable":true,"href":"https:\/\/www.sinoglass.com\/fr\/wp-json\/wp\/v2\/product_cat?post=7617"},{"taxonomy":"product_tag","embeddable":true,"href":"https:\/\/www.sinoglass.com\/fr\/wp-json\/wp\/v2\/product_tag?post=7617"}],"curies":[{"name":"WP","href":"https:\/\/api.w.org\/{rel}","templated":true}]}}