{"id":7606,"date":"2025-02-11T11:32:04","date_gmt":"2025-02-11T03:32:04","guid":{"rendered":"https:\/\/www.sinoglass.com\/?post_type=product&#038;p=7606"},"modified":"2026-04-16T15:34:30","modified_gmt":"2026-04-16T07:34:30","slug":"stainless-steel-tumbler-with-straw","status":"publish","type":"product","link":"https:\/\/www.sinoglass.com\/fr\/product\/stainless-steel-tumbler-with-straw\/","title":{"rendered":"Vase en acier inoxydable avec paille r\u00e9tractable #69718001"},"content":{"rendered":"<p>Ce BIG GRIP vous donne un choix avec un TWIST. La paille est dissimul\u00e9e par un capuchon twistoff. Retirez-le et la paille appara\u00eet pour votre boisson. Alors quoi ? Placez le capuchon sur l'onglet magn\u00e9tique et il a gagn\u00e9&#8217; t aller n'importe o\u00f9. Quand vous&#8217; refait, poussez la paille vers le bas et tournez le bouchon. La paille est toujours pr\u00eate, mais le bec est l\u00e0 aussi, alors buvez comme vous le souhaitez. Le m\u00e9canisme secret est une extension en silicone sur la paille qui la met en position. Deux choix, avec un twist !<\/p>","protected":false},"excerpt":{"rendered":"<ul>\n<li>Vase en acier inoxydable de grande capacit\u00e9.<\/li>\n<li>Grippe grande et confortable.<\/li>\n<li>Paille r\u00e9tractable avec bouchon \u00e0 torsion.<\/li>\n<li>\u00c9tiquette magn\u00e9tique pour bouchon de maintien.<\/li>\n<\/ul>","protected":false},"featured_media":7610,"comment_status":"open","ping_status":"closed","template":"","meta":{"_acf_changed":false},"product_brand":[],"product_cat":[128,75],"product_tag":[],"class_list":{"0":"post-7606","1":"product","2":"type-product","3":"status-publish","4":"has-post-thumbnail","6":"product_cat-insulated-mug","7":"product_cat-tumblers-mugs","9":"first","10":"instock","11":"shipping-taxable","12":"purchasable","13":"product-type-variable"},"acf":[],"_links":{"self":[{"href":"https:\/\/www.sinoglass.com\/fr\/wp-json\/wp\/v2\/product\/7606","targetHints":{"allow":["GET"]}}],"collection":[{"href":"https:\/\/www.sinoglass.com\/fr\/wp-json\/wp\/v2\/product"}],"about":[{"href":"https:\/\/www.sinoglass.com\/fr\/wp-json\/wp\/v2\/types\/product"}],"replies":[{"embeddable":true,"href":"https:\/\/www.sinoglass.com\/fr\/wp-json\/wp\/v2\/comments?post=7606"}],"wp:featuredmedia":[{"embeddable":true,"href":"https:\/\/www.sinoglass.com\/fr\/wp-json\/wp\/v2\/media\/7610"}],"wp:attachment":[{"href":"https:\/\/www.sinoglass.com\/fr\/wp-json\/wp\/v2\/media?parent=7606"}],"wp:term":[{"taxonomy":"product_brand","embeddable":true,"href":"https:\/\/www.sinoglass.com\/fr\/wp-json\/wp\/v2\/product_brand?post=7606"},{"taxonomy":"product_cat","embeddable":true,"href":"https:\/\/www.sinoglass.com\/fr\/wp-json\/wp\/v2\/product_cat?post=7606"},{"taxonomy":"product_tag","embeddable":true,"href":"https:\/\/www.sinoglass.com\/fr\/wp-json\/wp\/v2\/product_tag?post=7606"}],"curies":[{"name":"WP","href":"https:\/\/api.w.org\/{rel}","templated":true}]}}