{"id":7572,"date":"2025-02-10T14:22:29","date_gmt":"2025-02-10T06:22:29","guid":{"rendered":"https:\/\/www.sinoglass.com\/?post_type=product&#038;p=7572"},"modified":"2026-04-16T15:34:00","modified_gmt":"2026-04-16T07:34:00","slug":"large-capacity-thermal-bottle","status":"publish","type":"product","link":"https:\/\/www.sinoglass.com\/fr\/product\/large-capacity-thermal-bottle\/","title":{"rendered":"Bouteille thermique de grande capacit\u00e9 de boisson double #69906004"},"content":{"rendered":"<p>Les jours froids et les jours chauds peuvent tous deux \u00eatre longs. Vous avez besoin d'assez pour durer, et DOUBLE DRINK BIG T vous le donnera. Double paroi en acier inoxydable tient un jour&#8217; valeur de la temp\u00e9rature. La technologie de double boisson signifie que vous pouvez appuyer sur un bouton pour profiter de ces premi\u00e8res gorg\u00e9es de caf\u00e9 ou de th\u00e9 chaud \u00e0 partir d'un bec en silicone doux. Pour une boisson froide, la paille en silicone de l'autre c\u00f4t\u00e9 est juste ce dont vous avez besoin.<\/p>","protected":false},"excerpt":{"rendered":"<ul>\n<li>Couverture double pour boissons chaudes ou froides.<\/li>\n<li>Double paroi en acier inoxydable<\/li>\n<li>Grande capacit\u00e9, parfaite pour une longue journ\u00e9e.<\/li>\n<li>Poign\u00e9e pliable compacte pour un transport facile.<\/li>\n<li>Bracelet l\u00e9ger pour un voyage sans soucis.<\/li>\n<li>Boire d'un c\u00f4t\u00e9, ou siroter d'une paille sans BPA.<\/li>\n<li>Bouton verrouill\u00e9.<\/li>\n<\/ul>","protected":false},"featured_media":7577,"comment_status":"open","ping_status":"closed","template":"","meta":{"_acf_changed":false},"product_brand":[],"product_cat":[73,92],"product_tag":[],"class_list":{"0":"post-7572","1":"product","2":"type-product","3":"status-publish","4":"has-post-thumbnail","6":"product_cat-insulated-bottle","7":"product_cat-water-bottles","9":"first","10":"instock","11":"shipping-taxable","12":"purchasable","13":"product-type-variable"},"acf":[],"_links":{"self":[{"href":"https:\/\/www.sinoglass.com\/fr\/wp-json\/wp\/v2\/product\/7572","targetHints":{"allow":["GET"]}}],"collection":[{"href":"https:\/\/www.sinoglass.com\/fr\/wp-json\/wp\/v2\/product"}],"about":[{"href":"https:\/\/www.sinoglass.com\/fr\/wp-json\/wp\/v2\/types\/product"}],"replies":[{"embeddable":true,"href":"https:\/\/www.sinoglass.com\/fr\/wp-json\/wp\/v2\/comments?post=7572"}],"wp:featuredmedia":[{"embeddable":true,"href":"https:\/\/www.sinoglass.com\/fr\/wp-json\/wp\/v2\/media\/7577"}],"wp:attachment":[{"href":"https:\/\/www.sinoglass.com\/fr\/wp-json\/wp\/v2\/media?parent=7572"}],"wp:term":[{"taxonomy":"product_brand","embeddable":true,"href":"https:\/\/www.sinoglass.com\/fr\/wp-json\/wp\/v2\/product_brand?post=7572"},{"taxonomy":"product_cat","embeddable":true,"href":"https:\/\/www.sinoglass.com\/fr\/wp-json\/wp\/v2\/product_cat?post=7572"},{"taxonomy":"product_tag","embeddable":true,"href":"https:\/\/www.sinoglass.com\/fr\/wp-json\/wp\/v2\/product_tag?post=7572"}],"curies":[{"name":"WP","href":"https:\/\/api.w.org\/{rel}","templated":true}]}}