{"id":7559,"date":"2025-02-10T13:48:25","date_gmt":"2025-02-10T05:48:25","guid":{"rendered":"https:\/\/www.sinoglass.com\/?post_type=product&#038;p=7559"},"modified":"2026-04-16T15:33:47","modified_gmt":"2026-04-16T07:33:47","slug":"portable-glass-tea-brewer","status":"publish","type":"product","link":"https:\/\/www.sinoglass.com\/fr\/product\/portable-glass-tea-brewer\/","title":{"rendered":"Bouteille de brasseur de th\u00e9 en verre portable - th\u00e9 pur #69844002"},"content":{"rendered":"<p>La sant\u00e9 du corps et la sant\u00e9 de la terre se joignent dans notre th\u00e9i\u00e8re portable en verre borosilicate. Vous pourrez profiter des avantages du th\u00e9 \u00e0 feuilles fra\u00eeches dans notre TEA PURE \u00e9cologique avec son filtre \u00e0 th\u00e9 en acier inoxydable, ses joints en silicone et son anneau d\u00e9coratif en acier inoxydable.<\/p>","protected":false},"excerpt":{"rendered":"<ul>\n<li>Verre de borosilicate respectueux de la terre.<\/li>\n<li>Bague d\u00e9corative en acier inoxydable avec silicone.<\/li>\n<li>Seals en silicone, filtre th\u00e9 en acier inoxydable.<\/li>\n<li>Section sup\u00e9rieure et inf\u00e9rieure pour brassage\/boisson.<\/li>\n<li>350ml\/12 oz. verre \u00e0 double paroi.<\/li>\n<li>de l'ECO. Collection LIFE.<\/li>\n<\/ul>","protected":false},"featured_media":7569,"comment_status":"open","ping_status":"closed","template":"","meta":{"_acf_changed":false},"product_brand":[],"product_cat":[218,90,95,92],"product_tag":[],"class_list":{"0":"post-7559","1":"product","2":"type-product","3":"status-publish","4":"has-post-thumbnail","6":"product_cat-eco-friendly","7":"product_cat-glass-bottle","8":"product_cat-infuser-series","9":"product_cat-water-bottles","11":"first","12":"instock","13":"shipping-taxable","14":"purchasable","15":"product-type-variable"},"acf":[],"_links":{"self":[{"href":"https:\/\/www.sinoglass.com\/fr\/wp-json\/wp\/v2\/product\/7559","targetHints":{"allow":["GET"]}}],"collection":[{"href":"https:\/\/www.sinoglass.com\/fr\/wp-json\/wp\/v2\/product"}],"about":[{"href":"https:\/\/www.sinoglass.com\/fr\/wp-json\/wp\/v2\/types\/product"}],"replies":[{"embeddable":true,"href":"https:\/\/www.sinoglass.com\/fr\/wp-json\/wp\/v2\/comments?post=7559"}],"wp:featuredmedia":[{"embeddable":true,"href":"https:\/\/www.sinoglass.com\/fr\/wp-json\/wp\/v2\/media\/7569"}],"wp:attachment":[{"href":"https:\/\/www.sinoglass.com\/fr\/wp-json\/wp\/v2\/media?parent=7559"}],"wp:term":[{"taxonomy":"product_brand","embeddable":true,"href":"https:\/\/www.sinoglass.com\/fr\/wp-json\/wp\/v2\/product_brand?post=7559"},{"taxonomy":"product_cat","embeddable":true,"href":"https:\/\/www.sinoglass.com\/fr\/wp-json\/wp\/v2\/product_cat?post=7559"},{"taxonomy":"product_tag","embeddable":true,"href":"https:\/\/www.sinoglass.com\/fr\/wp-json\/wp\/v2\/product_tag?post=7559"}],"curies":[{"name":"WP","href":"https:\/\/api.w.org\/{rel}","templated":true}]}}